{"id":47,"date":"2023-07-17T14:27:31","date_gmt":"2023-07-17T14:27:31","guid":{"rendered":"http:\/\/noxiy.local\/?page_id=47"},"modified":"2026-03-28T16:29:02","modified_gmt":"2026-03-28T15:29:02","slug":"preguntas-frecuentes","status":"publish","type":"page","link":"https:\/\/herrerapuche.com\/fr\/preguntas-frecuentes\/","title":{"rendered":"Questions fr\u00e9quemment pos\u00e9es"},"content":{"rendered":"<div data-elementor-type=\"wp-page\" data-elementor-id=\"47\" class=\"elementor elementor-47\">\n\t\t\t\t\t\t<section class=\"elementor-section elementor-top-section elementor-element elementor-element-de78645 elementor-section-boxed elementor-section-height-default elementor-section-height-default wpr-particle-no wpr-jarallax-no wpr-parallax-no wpr-sticky-section-no\" data-id=\"de78645\" data-element_type=\"section\">\n\t\t\t\t\t\t<div class=\"elementor-container elementor-column-gap-default\">\n\t\t\t\t\t<div class=\"elementor-column elementor-col-50 elementor-top-column elementor-element elementor-element-4129250\" data-id=\"4129250\" data-element_type=\"column\">\n\t\t\t<div class=\"elementor-widget-wrap elementor-element-populated\">\n\t\t\t\t\t\t<div class=\"elementor-element elementor-element-312198e elementor-widget elementor-widget-faq_noxiy\" data-id=\"312198e\" data-element_type=\"widget\" data-widget_type=\"faq_noxiy.default\">\n\t\t\t\t<div class=\"elementor-widget-container\">\n\t\t\t\t\t\r\n\r\n        <div id=\"accordionExamplePage01\">\r\n                            <div class=\"faq__area-item\">\r\n                    <h6 class=\"icon page\" data-bs-toggle=\"collapse\"\r\n                        data-bs-target=\"#collapse001\">\u00bfC\u00f3mo puedo pedir una consulta contigo?<\/h6>\r\n                    <div id=\"collapse001\"\r\n                        class=\"faq__area-item-body collapse show\"\r\n                        data-bs-parent=\"#accordionExamplePage01\">\r\n                        <p>\r\n                            Puedes solicitar una consulta a trav\u00e9s de mi p\u00e1gina web, en el apartado de contacto rellenando el formulario o a trav\u00e9s de Instagram por mensaje directo. Tambi\u00e9n puedes enviarme un correo electr\u00f3nico a info@herrerapuche y consultarme cualquier duda o pedir una primera consulta.\n\n\nSe proh\u00edbe la reproducci\u00f3n, distribuci\u00f3n, modificaci\u00f3n o cualquier otra acci\u00f3n que no haya sido expresamente autorizada por el titular de los derechos de propiedad intelectual.                        <\/p>\r\n                    <\/div>\r\n                <\/div>\r\n                            <div class=\"faq__area-item\">\r\n                    <h6 class=\"icon page collapsed\" data-bs-toggle=\"collapse\"\r\n                        data-bs-target=\"#collapse101\">\u00bfEs necesario conocer mi composici\u00f3n corporal para mejorar mi salud?<\/h6>\r\n                    <div id=\"collapse101\"\r\n                        class=\"faq__area-item-body collapse\"\r\n                        data-bs-parent=\"#accordionExamplePage01\">\r\n                        <p>\r\n                            No, est\u00e1 informaci\u00f3n no es estrictamente necesaria. Por ejemplo, el aumento de masa muscular puede saberse si est\u00e1s mejorando en la realizaci\u00f3n de ejercicios como capacidad para realizar m\u00e1s repeticiones o levantar m\u00e1s peso. Tambi\u00e9n a medio-largo plazo puedes notar m\u00e1s definici\u00f3n y m\u00e1s fuerza en tu cuerpo. Por otro lado, la p\u00e9rdida de grasa puede notarse en como te queda la ropa, midiendo circunferencias de tu cuerpo y como te sientes t\u00fa en tu cuerpo. Como ves, conocer tu composici\u00f3n corporal es meramente informativo y estimatorio.                        <\/p>\r\n                    <\/div>\r\n                <\/div>\r\n                            <div class=\"faq__area-item\">\r\n                    <h6 class=\"icon page collapsed\" data-bs-toggle=\"collapse\"\r\n                        data-bs-target=\"#collapse201\">\u00bfNecesito alg\u00fan tipo de preparaci\u00f3n para la consulta?<\/h6>\r\n                    <div id=\"collapse201\"\r\n                        class=\"faq__area-item-body collapse\"\r\n                        data-bs-parent=\"#accordionExamplePage01\">\r\n                        <p>\r\n                            No es necesario que te prepares como tal. Solo aseg\u00farate de estar en un lugar tranquilo y libre de distracciones. Si ya tienes alg\u00fan informe m\u00e9dico o an\u00e1lisis recientes, puedes tenerlos a mano para que podamos discutirlos durante la consulta o para envi\u00e1rmelo. \n\n\n                        <\/p>\r\n                    <\/div>\r\n                <\/div>\r\n                    <\/div>\r\n\r\n        \t\t\t\t<\/div>\n\t\t\t\t<\/div>\n\t\t\t\t\t<\/div>\n\t\t<\/div>\n\t\t\t\t<div class=\"elementor-column elementor-col-50 elementor-top-column elementor-element elementor-element-fb2d90e\" data-id=\"fb2d90e\" data-element_type=\"column\">\n\t\t\t<div class=\"elementor-widget-wrap elementor-element-populated\">\n\t\t\t\t\t\t<div class=\"elementor-element elementor-element-ec69d32 elementor-widget elementor-widget-faq_noxiy\" data-id=\"ec69d32\" data-element_type=\"widget\" data-widget_type=\"faq_noxiy.default\">\n\t\t\t\t<div class=\"elementor-widget-container\">\n\t\t\t\t\t\r\n\r\n        <div id=\"accordionExamplePage02\">\r\n                            <div class=\"faq__area-item\">\r\n                    <h6 class=\"icon page\" data-bs-toggle=\"collapse\"\r\n                        data-bs-target=\"#collapse002\">\u00bfCu\u00e1nto tiempo dura una consulta?<\/h6>\r\n                    <div id=\"collapse002\"\r\n                        class=\"faq__area-item-body collapse show\"\r\n                        data-bs-parent=\"#accordionExamplePage02\">\r\n                        <p>\r\n                            La primera consulta suele durar aproximadamente 1 hora, seg\u00fan la complejidad del caso puede alargarse 5-10 minutos como mucho. El resto de consultas tienen una duraci\u00f3n de 30-45 minutos seg\u00fan vea la necesidad de aclarar algunos conceptos o de hacer hincapi\u00e9 en alg\u00fan tema.\n                        <\/p>\r\n                    <\/div>\r\n                <\/div>\r\n                            <div class=\"faq__area-item\">\r\n                    <h6 class=\"icon page collapsed\" data-bs-toggle=\"collapse\"\r\n                        data-bs-target=\"#collapse102\">\u00bfRealizas planes de nutrici\u00f3n a medida?<\/h6>\r\n                    <div id=\"collapse102\"\r\n                        class=\"faq__area-item-body collapse\"\r\n                        data-bs-parent=\"#accordionExamplePage02\">\r\n                        <p>\r\n                            S\u00ed, todos mis planes son totalmente personalizados, basados en tus necesidades, metas y condiciones espec\u00edficas. Cada persona es diferente, por lo que adapto la dieta y el enfoque a tu estilo de vida, tus preferencias y tus objetivos de salud. Procuro siempre que disfrutes del plan con platos sabrosos y con una complejidad seg\u00fan tus necesidades.                        <\/p>\r\n                    <\/div>\r\n                <\/div>\r\n                            <div class=\"faq__area-item\">\r\n                    <h6 class=\"icon page collapsed\" data-bs-toggle=\"collapse\"\r\n                        data-bs-target=\"#collapse202\">\u00bfCu\u00e1nto tiempo se tarda en ver resultados?<\/h6>\r\n                    <div id=\"collapse202\"\r\n                        class=\"faq__area-item-body collapse\"\r\n                        data-bs-parent=\"#accordionExamplePage02\">\r\n                        <p>\r\n                            Esto depender\u00e1 siempre de c\u00f3mo llegues a consulta, de qu\u00e9 aspectos tenemos o no que trabajar, y de c\u00f3mo vas trabajando con los nuevos objetivos que nos proponemos. Los resultados son siempre los m\u00e1s esperados, y es importante centrarse en el proceso, disfrutarlo para mantenerlo en el tiempo. La obsesi\u00f3n por ver resultados f\u00edsicos puede hacer que vuelvas a tus antiguos h\u00e1bitos y que tires la toalla antes de llegar al \u00e9xito. Valora los cambios que haces en tus h\u00e1bitos.\n                        <\/p>\r\n                    <\/div>\r\n                <\/div>\r\n                    <\/div>\r\n\r\n        \t\t\t\t<\/div>\n\t\t\t\t<\/div>\n\t\t\t\t\t<\/div>\n\t\t<\/div>\n\t\t\t\t\t<\/div>\n\t\t<\/section>\n\t\t\t\t<\/div>","protected":false},"excerpt":{"rendered":"<p>\u00bfC\u00f3mo puedo pedir una consulta contigo? Puedes solicitar una consulta a trav\u00e9s de mi p\u00e1gina web, en el apartado de contacto rellenando el formulario o a trav\u00e9s de Instagram por mensaje directo. Tambi\u00e9n puedes enviarme un correo electr\u00f3nico a info@herrerapuche y consultarme cualquier duda o pedir una primera consulta. Se proh\u00edbe la reproducci\u00f3n, distribuci\u00f3n, modificaci\u00f3n o cualquier otra acci\u00f3n que no haya sido expresamente autorizada por el titular de los derechos de propiedad intelectual. \u00bfEs necesario conocer mi composici\u00f3n corporal para mejorar mi salud? No, est\u00e1 informaci\u00f3n no es estrictamente necesaria. Por ejemplo, el aumento de masa muscular puede saberse si est\u00e1s mejorando en la realizaci\u00f3n de ejercicios como capacidad para realizar m\u00e1s repeticiones o levantar m\u00e1s peso. Tambi\u00e9n a medio-largo plazo puedes notar m\u00e1s definici\u00f3n y m\u00e1s fuerza en tu cuerpo. Por otro lado, la p\u00e9rdida de grasa puede notarse en como te queda la ropa, midiendo circunferencias de tu cuerpo y como te sientes t\u00fa en tu cuerpo. Como ves, conocer tu composici\u00f3n corporal es meramente informativo y estimatorio. \u00bfNecesito alg\u00fan tipo de preparaci\u00f3n para la consulta? No es necesario que te prepares como tal. Solo aseg\u00farate de estar en un lugar tranquilo y libre de distracciones. Si ya tienes alg\u00fan informe m\u00e9dico o an\u00e1lisis recientes, puedes tenerlos a mano para que podamos discutirlos durante la consulta o para envi\u00e1rmelo. \u00bfCu\u00e1nto tiempo dura una consulta? La primera consulta suele durar aproximadamente 1 hora, seg\u00fan la complejidad del caso puede alargarse 5-10 minutos como mucho. El resto de consultas tienen una duraci\u00f3n de 30-45 minutos seg\u00fan vea la necesidad de aclarar algunos conceptos o de hacer hincapi\u00e9 en alg\u00fan tema. \u00bfRealizas planes de nutrici\u00f3n a medida? S\u00ed, todos mis planes son totalmente personalizados, basados en tus necesidades, metas y condiciones espec\u00edficas. Cada persona es diferente, por lo que adapto la dieta y el enfoque a tu estilo de vida, tus preferencias y tus objetivos de salud. Procuro siempre que disfrutes del plan con platos sabrosos y con una complejidad seg\u00fan tus necesidades. \u00bfCu\u00e1nto tiempo se tarda en ver resultados? Esto depender\u00e1 siempre de c\u00f3mo llegues a consulta, de qu\u00e9 aspectos tenemos o no que trabajar, y de c\u00f3mo vas trabajando con los nuevos objetivos que nos proponemos. Los resultados son siempre los m\u00e1s esperados, y es importante centrarse en el proceso, disfrutarlo para mantenerlo en el tiempo. La obsesi\u00f3n por ver resultados f\u00edsicos puede hacer que vuelvas a tus antiguos h\u00e1bitos y que tires la toalla antes de llegar al \u00e9xito. Valora los cambios que haces en tus h\u00e1bitos.<\/p>","protected":false},"author":1,"featured_media":0,"parent":0,"menu_order":0,"comment_status":"closed","ping_status":"closed","template":"page-builder.php","meta":{"footnotes":""},"class_list":["post-47","page","type-page","status-publish","hentry"],"yoast_head":"<!-- This site is optimized with the Yoast SEO plugin v26.8 - https:\/\/yoast.com\/product\/yoast-seo-wordpress\/ -->\n<title>Preguntas frecuentes - Luc\u00eda Herrera Puche<\/title>\n<meta name=\"description\" content=\"Resuelve tus dudas sobre nuestro servicio nutricional r\u00e1pidamente leyendo las respuestas a preguntas frecuentes.\" \/>\n<meta name=\"robots\" content=\"index, follow, max-snippet:-1, max-image-preview:large, max-video-preview:-1\" \/>\n<link rel=\"canonical\" href=\"https:\/\/herrerapuche.com\/fr\/preguntas-frecuentes\/\" \/>\n<meta property=\"og:locale\" content=\"fr_FR\" \/>\n<meta property=\"og:type\" content=\"article\" \/>\n<meta property=\"og:title\" content=\"Preguntas frecuentes - Luc\u00eda Herrera Puche\" \/>\n<meta property=\"og:description\" content=\"Resuelve tus dudas sobre nuestro servicio nutricional r\u00e1pidamente leyendo las respuestas a preguntas frecuentes.\" \/>\n<meta property=\"og:url\" content=\"https:\/\/herrerapuche.com\/fr\/preguntas-frecuentes\/\" \/>\n<meta property=\"og:site_name\" content=\"Luc\u00eda Herrera Puche\" \/>\n<meta property=\"article:modified_time\" content=\"2026-03-28T15:29:02+00:00\" \/>\n<meta name=\"twitter:card\" content=\"summary_large_image\" \/>\n<meta name=\"twitter:label1\" content=\"Dur\u00e9e de lecture estim\u00e9e\" \/>\n\t<meta name=\"twitter:data1\" content=\"2 minutes\" \/>\n<script type=\"application\/ld+json\" class=\"yoast-schema-graph\">{\"@context\":\"https:\/\/schema.org\",\"@graph\":[{\"@type\":\"WebPage\",\"@id\":\"https:\/\/herrerapuche.com\/preguntas-frecuentes\/\",\"url\":\"https:\/\/herrerapuche.com\/preguntas-frecuentes\/\",\"name\":\"Preguntas frecuentes - Luc\u00eda Herrera Puche\",\"isPartOf\":{\"@id\":\"https:\/\/herrerapuche.com\/#website\"},\"datePublished\":\"2023-07-17T14:27:31+00:00\",\"dateModified\":\"2026-03-28T15:29:02+00:00\",\"description\":\"Resuelve tus dudas sobre nuestro servicio nutricional r\u00e1pidamente leyendo las respuestas a preguntas frecuentes.\",\"breadcrumb\":{\"@id\":\"https:\/\/herrerapuche.com\/preguntas-frecuentes\/#breadcrumb\"},\"inLanguage\":\"fr-FR\",\"potentialAction\":[{\"@type\":\"ReadAction\",\"target\":[\"https:\/\/herrerapuche.com\/preguntas-frecuentes\/\"]}]},{\"@type\":\"BreadcrumbList\",\"@id\":\"https:\/\/herrerapuche.com\/preguntas-frecuentes\/#breadcrumb\",\"itemListElement\":[{\"@type\":\"ListItem\",\"position\":1,\"name\":\"Portada\",\"item\":\"https:\/\/herrerapuche.com\/\"},{\"@type\":\"ListItem\",\"position\":2,\"name\":\"Preguntas frecuentes\"}]},{\"@type\":\"WebSite\",\"@id\":\"https:\/\/herrerapuche.com\/#website\",\"url\":\"https:\/\/herrerapuche.com\/\",\"name\":\"Luc\u00eda Herrera Puche\",\"description\":\"\",\"publisher\":{\"@id\":\"https:\/\/herrerapuche.com\/#\/schema\/person\/db250908f8f79867ff76967295d49aba\"},\"potentialAction\":[{\"@type\":\"SearchAction\",\"target\":{\"@type\":\"EntryPoint\",\"urlTemplate\":\"https:\/\/herrerapuche.com\/?s={search_term_string}\"},\"query-input\":{\"@type\":\"PropertyValueSpecification\",\"valueRequired\":true,\"valueName\":\"search_term_string\"}}],\"inLanguage\":\"fr-FR\"},{\"@type\":[\"Person\",\"Organization\"],\"@id\":\"https:\/\/herrerapuche.com\/#\/schema\/person\/db250908f8f79867ff76967295d49aba\",\"name\":\"Luc\u00eda Herrera\",\"image\":{\"@type\":\"ImageObject\",\"inLanguage\":\"fr-FR\",\"@id\":\"https:\/\/herrerapuche.com\/#\/schema\/person\/image\/\",\"url\":\"https:\/\/herrerapuche.com\/wp-content\/uploads\/2025\/06\/cropped-Logo-nuevo.png\",\"contentUrl\":\"https:\/\/herrerapuche.com\/wp-content\/uploads\/2025\/06\/cropped-Logo-nuevo.png\",\"width\":1078,\"height\":1078,\"caption\":\"Luc\u00eda Herrera\"},\"logo\":{\"@id\":\"https:\/\/herrerapuche.com\/#\/schema\/person\/image\/\"}}]}<\/script>\n<!-- \/ Yoast SEO plugin. -->","yoast_head_json":{"title":"Questions fr\u00e9quemment pos\u00e9es - Luc\u00eda Herrera Puche","description":"Resuelve tus dudas sobre nuestro servicio nutricional r\u00e1pidamente leyendo las respuestas a preguntas frecuentes.","robots":{"index":"index","follow":"follow","max-snippet":"max-snippet:-1","max-image-preview":"max-image-preview:large","max-video-preview":"max-video-preview:-1"},"canonical":"https:\/\/herrerapuche.com\/fr\/preguntas-frecuentes\/","og_locale":"fr_FR","og_type":"article","og_title":"Preguntas frecuentes - Luc\u00eda Herrera Puche","og_description":"Resuelve tus dudas sobre nuestro servicio nutricional r\u00e1pidamente leyendo las respuestas a preguntas frecuentes.","og_url":"https:\/\/herrerapuche.com\/fr\/preguntas-frecuentes\/","og_site_name":"Luc\u00eda Herrera Puche","article_modified_time":"2026-03-28T15:29:02+00:00","twitter_card":"summary_large_image","twitter_misc":{"Dur\u00e9e de lecture estim\u00e9e":"2 minutes"},"schema":{"@context":"https:\/\/schema.org","@graph":[{"@type":"WebPage","@id":"https:\/\/herrerapuche.com\/preguntas-frecuentes\/","url":"https:\/\/herrerapuche.com\/preguntas-frecuentes\/","name":"Questions fr\u00e9quemment pos\u00e9es - Luc\u00eda Herrera Puche","isPartOf":{"@id":"https:\/\/herrerapuche.com\/#website"},"datePublished":"2023-07-17T14:27:31+00:00","dateModified":"2026-03-28T15:29:02+00:00","description":"Resuelve tus dudas sobre nuestro servicio nutricional r\u00e1pidamente leyendo las respuestas a preguntas frecuentes.","breadcrumb":{"@id":"https:\/\/herrerapuche.com\/preguntas-frecuentes\/#breadcrumb"},"inLanguage":"fr-FR","potentialAction":[{"@type":"ReadAction","target":["https:\/\/herrerapuche.com\/preguntas-frecuentes\/"]}]},{"@type":"BreadcrumbList","@id":"https:\/\/herrerapuche.com\/preguntas-frecuentes\/#breadcrumb","itemListElement":[{"@type":"ListItem","position":1,"name":"Portada","item":"https:\/\/herrerapuche.com\/"},{"@type":"ListItem","position":2,"name":"Preguntas frecuentes"}]},{"@type":"WebSite","@id":"https:\/\/herrerapuche.com\/#website","url":"https:\/\/herrerapuche.com\/","name":"Lucie Herrera Puche","description":"","publisher":{"@id":"https:\/\/herrerapuche.com\/#\/schema\/person\/db250908f8f79867ff76967295d49aba"},"potentialAction":[{"@type":"SearchAction","target":{"@type":"EntryPoint","urlTemplate":"https:\/\/herrerapuche.com\/?s={search_term_string}"},"query-input":{"@type":"PropertyValueSpecification","valueRequired":true,"valueName":"search_term_string"}}],"inLanguage":"fr-FR"},{"@type":["Person","Organization"],"@id":"https:\/\/herrerapuche.com\/#\/schema\/person\/db250908f8f79867ff76967295d49aba","name":"Luc\u00eda Herrera","image":{"@type":"ImageObject","inLanguage":"fr-FR","@id":"https:\/\/herrerapuche.com\/#\/schema\/person\/image\/","url":"https:\/\/herrerapuche.com\/wp-content\/uploads\/2025\/06\/cropped-Logo-nuevo.png","contentUrl":"https:\/\/herrerapuche.com\/wp-content\/uploads\/2025\/06\/cropped-Logo-nuevo.png","width":1078,"height":1078,"caption":"Luc\u00eda Herrera"},"logo":{"@id":"https:\/\/herrerapuche.com\/#\/schema\/person\/image\/"}}]}},"_links":{"self":[{"href":"https:\/\/herrerapuche.com\/fr\/wp-json\/wp\/v2\/pages\/47","targetHints":{"allow":["GET"]}}],"collection":[{"href":"https:\/\/herrerapuche.com\/fr\/wp-json\/wp\/v2\/pages"}],"about":[{"href":"https:\/\/herrerapuche.com\/fr\/wp-json\/wp\/v2\/types\/page"}],"author":[{"embeddable":true,"href":"https:\/\/herrerapuche.com\/fr\/wp-json\/wp\/v2\/users\/1"}],"replies":[{"embeddable":true,"href":"https:\/\/herrerapuche.com\/fr\/wp-json\/wp\/v2\/comments?post=47"}],"version-history":[{"count":13,"href":"https:\/\/herrerapuche.com\/fr\/wp-json\/wp\/v2\/pages\/47\/revisions"}],"predecessor-version":[{"id":3303,"href":"https:\/\/herrerapuche.com\/fr\/wp-json\/wp\/v2\/pages\/47\/revisions\/3303"}],"wp:attachment":[{"href":"https:\/\/herrerapuche.com\/fr\/wp-json\/wp\/v2\/media?parent=47"}],"curies":[{"name":"wp","href":"https:\/\/api.w.org\/{rel}","templated":true}]}}