{"id":3296,"date":"2025-01-25T10:44:43","date_gmt":"2025-01-25T09:44:43","guid":{"rendered":"https:\/\/herrerapuche.com\/?page_id=3296"},"modified":"2025-01-25T11:53:34","modified_gmt":"2025-01-25T10:53:34","slug":"politique-en-matiere-de-cookies","status":"publish","type":"page","link":"https:\/\/herrerapuche.com\/fr\/politique-en-matiere-de-cookies\/","title":{"rendered":"Politique en mati\u00e8re de cookies"},"content":{"rendered":"<div data-elementor-type=\"wp-page\" data-elementor-id=\"3296\" class=\"elementor elementor-3296\">\n\t\t\t\t<div class=\"elementor-element elementor-element-e9fb673 e-flex e-con-boxed wpr-particle-no wpr-jarallax-no wpr-parallax-no wpr-sticky-section-no e-con e-parent\" data-id=\"e9fb673\" data-element_type=\"container\">\n\t\t\t\t\t<div class=\"e-con-inner\">\n\t\t\t\t<div class=\"elementor-element elementor-element-43a6886 elementor-widget elementor-widget-heading\" data-id=\"43a6886\" data-element_type=\"widget\" data-widget_type=\"heading.default\">\n\t\t\t\t<div class=\"elementor-widget-container\">\n\t\t\t\t\t<h4 class=\"elementor-heading-title elementor-size-default\">Qu'est-ce qu'un biscuit ?<\/h4>\t\t\t\t<\/div>\n\t\t\t\t<\/div>\n\t\t\t\t<div class=\"elementor-element elementor-element-078b09e elementor-widget elementor-widget-text-editor\" data-id=\"078b09e\" data-element_type=\"widget\" data-widget_type=\"text-editor.default\">\n\t\t\t\t<div class=\"elementor-widget-container\">\n\t\t\t\t\t\t\t\t\t<p data-pm-slice=\"1 1 []\">Les cookies sont de petits fichiers texte qui sont stock\u00e9s sur votre appareil lorsque vous visitez un site web. Ils permettent au site de m\u00e9moriser des informations sur votre visite, telles que vos pr\u00e9f\u00e9rences ou des donn\u00e9es de session, afin d'am\u00e9liorer votre exp\u00e9rience de navigation. Sur ce site web, nous utilisons des cookies pour fournir un service personnalis\u00e9 et optimiser nos fonctionnalit\u00e9s.<\/p>\t\t\t\t\t\t\t\t<\/div>\n\t\t\t\t<\/div>\n\t\t\t\t<div class=\"elementor-element elementor-element-2f0f6c5 elementor-widget elementor-widget-heading\" data-id=\"2f0f6c5\" data-element_type=\"widget\" data-widget_type=\"heading.default\">\n\t\t\t\t<div class=\"elementor-widget-container\">\n\t\t\t\t\t<h4 class=\"elementor-heading-title elementor-size-default\">Pourquoi utilisons-nous des cookies ?<\/h4>\t\t\t\t<\/div>\n\t\t\t\t<\/div>\n\t\t\t\t\t<\/div>\n\t\t\t\t<\/div>\n\t\t<div class=\"elementor-element elementor-element-3e826f8 e-flex e-con-boxed wpr-particle-no wpr-jarallax-no wpr-parallax-no wpr-sticky-section-no e-con e-parent\" data-id=\"3e826f8\" data-element_type=\"container\">\n\t\t\t\t\t<div class=\"e-con-inner\">\n\t\t\t\t<div class=\"elementor-element elementor-element-64f5c72 elementor-widget elementor-widget-text-editor\" data-id=\"64f5c72\" data-element_type=\"widget\" data-widget_type=\"text-editor.default\">\n\t\t\t\t<div class=\"elementor-widget-container\">\n\t\t\t\t\t\t\t\t\t<p data-pm-slice=\"1 3 []\">Nous utilisons des cookies pour :<\/p><ul data-spread=\"false\"><li><p>Am\u00e9liorer la navigation et la fonctionnalit\u00e9 de notre site web.<\/p><\/li><li><p>Analyser le comportement des utilisateurs afin d'am\u00e9liorer nos services.<\/p><\/li><li><p>M\u00e9moriser vos pr\u00e9f\u00e9rences et vos param\u00e8tres.<\/p><\/li><li><p>Proposer un contenu adapt\u00e9 \u00e0 vos centres d'int\u00e9r\u00eat.<\/p><\/li><\/ul>\t\t\t\t\t\t\t\t<\/div>\n\t\t\t\t<\/div>\n\t\t\t\t\t<\/div>\n\t\t\t\t<\/div>\n\t\t<div class=\"elementor-element elementor-element-effbbb0 e-flex e-con-boxed wpr-particle-no wpr-jarallax-no wpr-parallax-no wpr-sticky-section-no e-con e-parent\" data-id=\"effbbb0\" data-element_type=\"container\">\n\t\t\t\t\t<div class=\"e-con-inner\">\n\t\t\t\t<div class=\"elementor-element elementor-element-778f74c elementor-widget elementor-widget-heading\" data-id=\"778f74c\" data-element_type=\"widget\" data-widget_type=\"heading.default\">\n\t\t\t\t<div class=\"elementor-widget-container\">\n\t\t\t\t\t<h4 class=\"elementor-heading-title elementor-size-default\">Types de cookies que nous utilisons<\/h4>\t\t\t\t<\/div>\n\t\t\t\t<\/div>\n\t\t\t\t\t<\/div>\n\t\t\t\t<\/div>\n\t\t<div class=\"elementor-element elementor-element-753da4da e-flex e-con-boxed wpr-particle-no wpr-jarallax-no wpr-parallax-no wpr-sticky-section-no e-con e-parent\" data-id=\"753da4da\" data-element_type=\"container\">\n\t\t\t\t\t<div class=\"e-con-inner\">\n\t\t\t\t<div class=\"elementor-element elementor-element-9330721 elementor-widget elementor-widget-text-editor\" data-id=\"9330721\" data-element_type=\"widget\" data-widget_type=\"text-editor.default\">\n\t\t\t\t<div class=\"elementor-widget-container\">\n\t\t\t\t\t\t\t\t\t<ol start=\"1\" data-spread=\"true\"><li><p><strong>Cookies strictement n\u00e9cessaires :<\/strong> Ces cookies sont essentiels au fonctionnement du site web. Sans eux, vous ne pourriez pas naviguer correctement ou utiliser certaines fonctionnalit\u00e9s de base.<\/p><\/li><li><p><strong>Cookies de performance :<\/strong> Ils recueillent des informations sur la mani\u00e8re dont les visiteurs utilisent le site web, telles que les pages les plus visit\u00e9es ou les erreurs qui peuvent se produire. Ils ne recueillent pas de donn\u00e9es permettant de vous identifier personnellement et ont pour but d'am\u00e9liorer le fonctionnement du site web.<\/p><\/li><li><p><strong>Cookies de fonctionnalit\u00e9 :<\/strong> Ils vous permettent de m\u00e9moriser vos choix, tels que la langue ou la r\u00e9gion, afin de vous offrir une exp\u00e9rience personnalis\u00e9e.<\/p><\/li><li><p><strong>Cookies marketing :<\/strong> Ces cookies sont utilis\u00e9s pour vous montrer des publicit\u00e9s pertinentes et mesurer l'efficacit\u00e9 de nos campagnes publicitaires. Ils peuvent \u00e9galement \u00eatre utilis\u00e9s par des tiers pour vous montrer des publicit\u00e9s sur d'autres sites web.<\/p><\/li><\/ol>\t\t\t\t\t\t\t\t<\/div>\n\t\t\t\t<\/div>\n\t\t\t\t<div class=\"elementor-element elementor-element-2d3d372 elementor-widget elementor-widget-heading\" data-id=\"2d3d372\" data-element_type=\"widget\" data-widget_type=\"heading.default\">\n\t\t\t\t<div class=\"elementor-widget-container\">\n\t\t\t\t\t<h4 class=\"elementor-heading-title elementor-size-default\">Gestion des cookies<\/h4>\t\t\t\t<\/div>\n\t\t\t\t<\/div>\n\t\t\t\t<div class=\"elementor-element elementor-element-7378f5c elementor-widget elementor-widget-text-editor\" data-id=\"7378f5c\" data-element_type=\"widget\" data-widget_type=\"text-editor.default\">\n\t\t\t\t<div class=\"elementor-widget-container\">\n\t\t\t\t\t\t\t\t\t<p data-pm-slice=\"1 3 []\">Lorsque vous visitez notre site web pour la premi\u00e8re fois, une banni\u00e8re d'information vous demande d'accepter ou de param\u00e9trer les cookies. Vous pouvez modifier vos pr\u00e9f\u00e9rences ou retirer votre consentement \u00e0 tout moment par le biais des param\u00e8tres relatifs aux cookies disponibles sur notre site web.<\/p><p>Vous pouvez \u00e9galement g\u00e9rer les cookies \u00e0 partir des param\u00e8tres de votre navigateur. Voici les liens vers les guides des navigateurs les plus courants :<\/p><ul data-spread=\"false\"><li><p><a>Google Chrome<\/a><\/p><\/li><li><p><a href=\"https:\/\/support.mozilla.org\/es\/kb\/habilitar-y-deshabilitar-cookies-sitios-web-rastrear-preferencias\">Mozilla Firefox<\/a><\/p><\/li><li><p><a href=\"https:\/\/support.apple.com\/es-es\/guide\/safari\/sfri11471\/mac\">Safari<\/a><\/p><\/li><li><p><a href=\"https:\/\/support.microsoft.com\/es-es\/microsoft-edge\/eliminar-cookies-en-microsoft-edge-63947406-40ac-c3b8-57b9-2a946a29ae09\">Microsoft Edge<\/a><\/p><\/li><\/ul>\t\t\t\t\t\t\t\t<\/div>\n\t\t\t\t<\/div>\n\t\t\t\t<div class=\"elementor-element elementor-element-7281fc2 elementor-widget elementor-widget-heading\" data-id=\"7281fc2\" data-element_type=\"widget\" data-widget_type=\"heading.default\">\n\t\t\t\t<div class=\"elementor-widget-container\">\n\t\t\t\t\t<h4 class=\"elementor-heading-title elementor-size-default\">Cookies de tiers<\/h4>\t\t\t\t<\/div>\n\t\t\t\t<\/div>\n\t\t\t\t<div class=\"elementor-element elementor-element-049e657 elementor-widget elementor-widget-text-editor\" data-id=\"049e657\" data-element_type=\"widget\" data-widget_type=\"text-editor.default\">\n\t\t\t\t<div class=\"elementor-widget-container\">\n\t\t\t\t\t\t\t\t\t<p data-pm-slice=\"1 1 []\">Dans certains cas, nous utilisons des services tiers pour analyser l'utilisation de notre site web et afficher un contenu personnalis\u00e9. Ces services peuvent utiliser leurs propres cookies. Nous n'avons aucun contr\u00f4le direct sur les informations collect\u00e9es par ces cookies, mais nous veillons \u00e0 travailler avec des fournisseurs r\u00e9put\u00e9s qui respectent les r\u00e9glementations en mati\u00e8re de protection des donn\u00e9es.<\/p>\t\t\t\t\t\t\t\t<\/div>\n\t\t\t\t<\/div>\n\t\t\t\t<div class=\"elementor-element elementor-element-e07d4c6 elementor-widget elementor-widget-heading\" data-id=\"e07d4c6\" data-element_type=\"widget\" data-widget_type=\"heading.default\">\n\t\t\t\t<div class=\"elementor-widget-container\">\n\t\t\t\t\t<h4 class=\"elementor-heading-title elementor-size-default\">Modifications de la politique en mati\u00e8re de cookies<\/h4>\t\t\t\t<\/div>\n\t\t\t\t<\/div>\n\t\t\t\t<div class=\"elementor-element elementor-element-df777b5 elementor-widget elementor-widget-text-editor\" data-id=\"df777b5\" data-element_type=\"widget\" data-widget_type=\"text-editor.default\">\n\t\t\t\t<div class=\"elementor-widget-container\">\n\t\t\t\t\t\t\t\t\t<p data-pm-slice=\"1 1 []\">Nous nous r\u00e9servons le droit de mettre \u00e0 jour cette politique en mati\u00e8re de cookies \u00e0 tout moment afin de refl\u00e9ter les modifications apport\u00e9es \u00e0 notre site web ou \u00e0 la l\u00e9gislation en vigueur. Nous vous recommandons de consulter r\u00e9guli\u00e8rement cette page pour vous tenir inform\u00e9.<\/p>\t\t\t\t\t\t\t\t<\/div>\n\t\t\t\t<\/div>\n\t\t\t\t<div class=\"elementor-element elementor-element-30f3678 elementor-widget elementor-widget-heading\" data-id=\"30f3678\" data-element_type=\"widget\" data-widget_type=\"heading.default\">\n\t\t\t\t<div class=\"elementor-widget-container\">\n\t\t\t\t\t<h4 class=\"elementor-heading-title elementor-size-default\">Contact<\/h4>\t\t\t\t<\/div>\n\t\t\t\t<\/div>\n\t\t\t\t<div class=\"elementor-element elementor-element-6f8b7de elementor-widget elementor-widget-text-editor\" data-id=\"6f8b7de\" data-element_type=\"widget\" data-widget_type=\"text-editor.default\">\n\t\t\t\t<div class=\"elementor-widget-container\">\n\t\t\t\t\t\t\t\t\t<p data-pm-slice=\"1 1 []\">Si vous avez des questions concernant notre politique en mati\u00e8re de cookies, vous pouvez nous contacter \u00e0 l'adresse suivante :<\/p><p><strong>Luc\u00eda Herrera Puche - Di\u00e9t\u00e9ticienne-nutritionniste<\/strong><br \/>E-mail : <a>info@herrerapuche.com<\/a><\/p>\t\t\t\t\t\t\t\t<\/div>\n\t\t\t\t<\/div>\n\t\t\t\t\t<\/div>\n\t\t\t\t<\/div>\n\t\t\t\t<\/div>","protected":false},"excerpt":{"rendered":"<p>\u00bfQu\u00e9 son las cookies? Las cookies son peque\u00f1os archivos de texto que se almacenan en tu dispositivo cuando visitas una p\u00e1gina web. Estas permiten al sitio recordar informaci\u00f3n sobre tu visita, como tus preferencias o datos de sesi\u00f3n, para mejorar tu experiencia de navegaci\u00f3n. En esta p\u00e1gina web, utilizamos cookies para ofrecer un servicio personalizado y optimizar nuestras funcionalidades. \u00bfPor qu\u00e9 usamos cookies? Utilizamos cookies para: Mejorar la navegaci\u00f3n y funcionalidad de nuestra web. Analizar el comportamiento de los usuarios para mejorar nuestros servicios. Recordar tus preferencias y configuraciones. Ofrecer contenido adaptado a tus intereses. Tipos de cookies que utilizamos Cookies estrictamente necesarias: Estas cookies son esenciales para el funcionamiento del sitio web. Sin ellas, no podr\u00edas navegar correctamente ni utilizar algunas funcionalidades b\u00e1sicas. Cookies de rendimiento: Estas recopilan informaci\u00f3n sobre c\u00f3mo los visitantes utilizan el sitio web, como las p\u00e1ginas m\u00e1s visitadas o los errores que puedan surgir. No recopilan datos que te identifiquen personalmente, y su objetivo es mejorar el funcionamiento de la web. Cookies de funcionalidad: Estas permiten recordar tus elecciones, como el idioma o regi\u00f3n, para ofrecerte una experiencia personalizada. Cookies de marketing: Estas cookies se utilizan para mostrarte anuncios relevantes y medir la eficacia de nuestras campa\u00f1as publicitarias. Tambi\u00e9n pueden ser utilizadas por terceros para mostrarte anuncios en otros sitios web. Gesti\u00f3n de cookies Al visitar nuestra p\u00e1gina web por primera vez, se te solicitar\u00e1 que aceptes o configures las cookies a trav\u00e9s de un banner informativo. Puedes cambiar tus preferencias o retirar tu consentimiento en cualquier momento a trav\u00e9s de la configuraci\u00f3n de cookies disponible en nuestra web. Adem\u00e1s, puedes gestionar las cookies desde la configuraci\u00f3n de tu navegador. Aqu\u00ed te dejamos enlaces a las gu\u00edas para los navegadores m\u00e1s comunes: Google Chrome Mozilla Firefox Safari Microsoft Edge Cookies de terceros En algunos casos, utilizamos servicios de terceros para analizar el uso de nuestra web y mostrar contenido personalizado. Estos servicios pueden utilizar sus propias cookies. No tenemos control directo sobre la informaci\u00f3n recopilada por estas cookies, pero garantizamos que trabajamos con proveedores de confianza que cumplen con las normativas de protecci\u00f3n de datos. Cambios en la pol\u00edtica de cookies Nos reservamos el derecho de actualizar esta pol\u00edtica de cookies en cualquier momento para reflejar cambios en nuestro sitio web o en la legislaci\u00f3n vigente. Te recomendamos revisar esta p\u00e1gina peri\u00f3dicamente para mantenerte informado. Contacto Si tienes alguna pregunta sobre nuestra pol\u00edtica de cookies, puedes contactarnos en: Luc\u00eda Herrera Puche &#8211; Dietista-NutricionistaCorreo electr\u00f3nico: info@herrerapuche.com<\/p>","protected":false},"author":2,"featured_media":0,"parent":0,"menu_order":0,"comment_status":"closed","ping_status":"open","template":"","meta":{"footnotes":""},"class_list":["post-3296","page","type-page","status-publish","hentry"],"yoast_head":"<!-- This site is optimized with the Yoast SEO plugin v26.8 - https:\/\/yoast.com\/product\/yoast-seo-wordpress\/ -->\n<title>Pol\u00edtica de cookies - Luc\u00eda Herrera Puche<\/title>\n<meta name=\"description\" content=\"Inf\u00f3rmate sobre el uso de cookies en nuestra web, c\u00f3mo mejoran tu experiencia y c\u00f3mo puedes gestionar tus preferencias de navegaci\u00f3n.\" \/>\n<meta name=\"robots\" content=\"index, follow, max-snippet:-1, max-image-preview:large, max-video-preview:-1\" \/>\n<link rel=\"canonical\" href=\"https:\/\/herrerapuche.com\/fr\/politique-en-matiere-de-cookies\/\" \/>\n<meta property=\"og:locale\" content=\"fr_FR\" \/>\n<meta property=\"og:type\" content=\"article\" \/>\n<meta property=\"og:title\" content=\"Pol\u00edtica de cookies - Luc\u00eda Herrera Puche\" \/>\n<meta property=\"og:description\" content=\"Inf\u00f3rmate sobre el uso de cookies en nuestra web, c\u00f3mo mejoran tu experiencia y c\u00f3mo puedes gestionar tus preferencias de navegaci\u00f3n.\" \/>\n<meta property=\"og:url\" content=\"https:\/\/herrerapuche.com\/fr\/politique-en-matiere-de-cookies\/\" \/>\n<meta property=\"og:site_name\" content=\"Luc\u00eda Herrera Puche\" \/>\n<meta property=\"article:modified_time\" content=\"2025-01-25T10:53:34+00:00\" \/>\n<meta name=\"twitter:card\" content=\"summary_large_image\" \/>\n<meta name=\"twitter:label1\" content=\"Dur\u00e9e de lecture estim\u00e9e\" \/>\n\t<meta name=\"twitter:data1\" content=\"2 minutes\" \/>\n<script type=\"application\/ld+json\" class=\"yoast-schema-graph\">{\"@context\":\"https:\/\/schema.org\",\"@graph\":[{\"@type\":\"WebPage\",\"@id\":\"https:\/\/herrerapuche.com\/politica-de-cookies\/\",\"url\":\"https:\/\/herrerapuche.com\/politica-de-cookies\/\",\"name\":\"Pol\u00edtica de cookies - Luc\u00eda Herrera Puche\",\"isPartOf\":{\"@id\":\"https:\/\/herrerapuche.com\/#website\"},\"datePublished\":\"2025-01-25T09:44:43+00:00\",\"dateModified\":\"2025-01-25T10:53:34+00:00\",\"description\":\"Inf\u00f3rmate sobre el uso de cookies en nuestra web, c\u00f3mo mejoran tu experiencia y c\u00f3mo puedes gestionar tus preferencias de navegaci\u00f3n.\",\"breadcrumb\":{\"@id\":\"https:\/\/herrerapuche.com\/politica-de-cookies\/#breadcrumb\"},\"inLanguage\":\"fr-FR\",\"potentialAction\":[{\"@type\":\"ReadAction\",\"target\":[\"https:\/\/herrerapuche.com\/politica-de-cookies\/\"]}]},{\"@type\":\"BreadcrumbList\",\"@id\":\"https:\/\/herrerapuche.com\/politica-de-cookies\/#breadcrumb\",\"itemListElement\":[{\"@type\":\"ListItem\",\"position\":1,\"name\":\"Portada\",\"item\":\"https:\/\/herrerapuche.com\/\"},{\"@type\":\"ListItem\",\"position\":2,\"name\":\"Pol\u00edtica de cookies\"}]},{\"@type\":\"WebSite\",\"@id\":\"https:\/\/herrerapuche.com\/#website\",\"url\":\"https:\/\/herrerapuche.com\/\",\"name\":\"Luc\u00eda Herrera Puche\",\"description\":\"\",\"publisher\":{\"@id\":\"https:\/\/herrerapuche.com\/#\/schema\/person\/db250908f8f79867ff76967295d49aba\"},\"potentialAction\":[{\"@type\":\"SearchAction\",\"target\":{\"@type\":\"EntryPoint\",\"urlTemplate\":\"https:\/\/herrerapuche.com\/?s={search_term_string}\"},\"query-input\":{\"@type\":\"PropertyValueSpecification\",\"valueRequired\":true,\"valueName\":\"search_term_string\"}}],\"inLanguage\":\"fr-FR\"},{\"@type\":[\"Person\",\"Organization\"],\"@id\":\"https:\/\/herrerapuche.com\/#\/schema\/person\/db250908f8f79867ff76967295d49aba\",\"name\":\"Luc\u00eda Herrera\",\"image\":{\"@type\":\"ImageObject\",\"inLanguage\":\"fr-FR\",\"@id\":\"https:\/\/herrerapuche.com\/#\/schema\/person\/image\/\",\"url\":\"https:\/\/herrerapuche.com\/wp-content\/uploads\/2025\/06\/cropped-Logo-nuevo.png\",\"contentUrl\":\"https:\/\/herrerapuche.com\/wp-content\/uploads\/2025\/06\/cropped-Logo-nuevo.png\",\"width\":1078,\"height\":1078,\"caption\":\"Luc\u00eda Herrera\"},\"logo\":{\"@id\":\"https:\/\/herrerapuche.com\/#\/schema\/person\/image\/\"}}]}<\/script>\n<!-- \/ Yoast SEO plugin. -->","yoast_head_json":{"title":"Politique en mati\u00e8re de cookies - Luc\u00eda Herrera Puche","description":"En savoir plus sur l'utilisation des cookies sur notre site web, comment ils am\u00e9liorent votre exp\u00e9rience et comment vous pouvez g\u00e9rer vos pr\u00e9f\u00e9rences de navigation.","robots":{"index":"index","follow":"follow","max-snippet":"max-snippet:-1","max-image-preview":"max-image-preview:large","max-video-preview":"max-video-preview:-1"},"canonical":"https:\/\/herrerapuche.com\/fr\/politique-en-matiere-de-cookies\/","og_locale":"fr_FR","og_type":"article","og_title":"Pol\u00edtica de cookies - Luc\u00eda Herrera Puche","og_description":"Inf\u00f3rmate sobre el uso de cookies en nuestra web, c\u00f3mo mejoran tu experiencia y c\u00f3mo puedes gestionar tus preferencias de navegaci\u00f3n.","og_url":"https:\/\/herrerapuche.com\/fr\/politique-en-matiere-de-cookies\/","og_site_name":"Luc\u00eda Herrera Puche","article_modified_time":"2025-01-25T10:53:34+00:00","twitter_card":"summary_large_image","twitter_misc":{"Dur\u00e9e de lecture estim\u00e9e":"2 minutes"},"schema":{"@context":"https:\/\/schema.org","@graph":[{"@type":"WebPage","@id":"https:\/\/herrerapuche.com\/politica-de-cookies\/","url":"https:\/\/herrerapuche.com\/politica-de-cookies\/","name":"Politique en mati\u00e8re de cookies - Luc\u00eda Herrera Puche","isPartOf":{"@id":"https:\/\/herrerapuche.com\/#website"},"datePublished":"2025-01-25T09:44:43+00:00","dateModified":"2025-01-25T10:53:34+00:00","description":"En savoir plus sur l'utilisation des cookies sur notre site web, comment ils am\u00e9liorent votre exp\u00e9rience et comment vous pouvez g\u00e9rer vos pr\u00e9f\u00e9rences de navigation.","breadcrumb":{"@id":"https:\/\/herrerapuche.com\/politica-de-cookies\/#breadcrumb"},"inLanguage":"fr-FR","potentialAction":[{"@type":"ReadAction","target":["https:\/\/herrerapuche.com\/politica-de-cookies\/"]}]},{"@type":"BreadcrumbList","@id":"https:\/\/herrerapuche.com\/politica-de-cookies\/#breadcrumb","itemListElement":[{"@type":"ListItem","position":1,"name":"Portada","item":"https:\/\/herrerapuche.com\/"},{"@type":"ListItem","position":2,"name":"Pol\u00edtica de cookies"}]},{"@type":"WebSite","@id":"https:\/\/herrerapuche.com\/#website","url":"https:\/\/herrerapuche.com\/","name":"Lucie Herrera Puche","description":"","publisher":{"@id":"https:\/\/herrerapuche.com\/#\/schema\/person\/db250908f8f79867ff76967295d49aba"},"potentialAction":[{"@type":"SearchAction","target":{"@type":"EntryPoint","urlTemplate":"https:\/\/herrerapuche.com\/?s={search_term_string}"},"query-input":{"@type":"PropertyValueSpecification","valueRequired":true,"valueName":"search_term_string"}}],"inLanguage":"fr-FR"},{"@type":["Person","Organization"],"@id":"https:\/\/herrerapuche.com\/#\/schema\/person\/db250908f8f79867ff76967295d49aba","name":"Luc\u00eda Herrera","image":{"@type":"ImageObject","inLanguage":"fr-FR","@id":"https:\/\/herrerapuche.com\/#\/schema\/person\/image\/","url":"https:\/\/herrerapuche.com\/wp-content\/uploads\/2025\/06\/cropped-Logo-nuevo.png","contentUrl":"https:\/\/herrerapuche.com\/wp-content\/uploads\/2025\/06\/cropped-Logo-nuevo.png","width":1078,"height":1078,"caption":"Luc\u00eda Herrera"},"logo":{"@id":"https:\/\/herrerapuche.com\/#\/schema\/person\/image\/"}}]}},"_links":{"self":[{"href":"https:\/\/herrerapuche.com\/fr\/wp-json\/wp\/v2\/pages\/3296","targetHints":{"allow":["GET"]}}],"collection":[{"href":"https:\/\/herrerapuche.com\/fr\/wp-json\/wp\/v2\/pages"}],"about":[{"href":"https:\/\/herrerapuche.com\/fr\/wp-json\/wp\/v2\/types\/page"}],"author":[{"embeddable":true,"href":"https:\/\/herrerapuche.com\/fr\/wp-json\/wp\/v2\/users\/2"}],"replies":[{"embeddable":true,"href":"https:\/\/herrerapuche.com\/fr\/wp-json\/wp\/v2\/comments?post=3296"}],"version-history":[{"count":4,"href":"https:\/\/herrerapuche.com\/fr\/wp-json\/wp\/v2\/pages\/3296\/revisions"}],"predecessor-version":[{"id":3300,"href":"https:\/\/herrerapuche.com\/fr\/wp-json\/wp\/v2\/pages\/3296\/revisions\/3300"}],"wp:attachment":[{"href":"https:\/\/herrerapuche.com\/fr\/wp-json\/wp\/v2\/media?parent=3296"}],"curies":[{"name":"wp","href":"https:\/\/api.w.org\/{rel}","templated":true}]}}