{"id":2617,"date":"2024-10-15T11:31:23","date_gmt":"2024-10-15T09:31:23","guid":{"rendered":"https:\/\/herrerapuche.com\/?page_id=2617"},"modified":"2026-03-28T17:04:07","modified_gmt":"2026-03-28T16:04:07","slug":"nutricion-tca","status":"publish","type":"page","link":"https:\/\/herrerapuche.com\/fr\/servicios-nutricionales\/nutricion-tca\/","title":{"rendered":"R\u00e9duire l'anxi\u00e9t\u00e9 et la culpabilit\u00e9 li\u00e9es \u00e0 la nourriture"},"content":{"rendered":"<div data-elementor-type=\"wp-page\" data-elementor-id=\"2617\" class=\"elementor elementor-2617\">\n\t\t\t\t<div class=\"elementor-element elementor-element-70e24e7 e-flex e-con-boxed wpr-particle-no wpr-jarallax-no wpr-parallax-no wpr-sticky-section-no e-con e-parent\" data-id=\"70e24e7\" data-element_type=\"container\">\n\t\t\t\t\t<div class=\"e-con-inner\">\n\t\t\t\t<div class=\"elementor-element elementor-element-e141fe3 elementor-widget elementor-widget-spacer\" data-id=\"e141fe3\" data-element_type=\"widget\" data-widget_type=\"spacer.default\">\n\t\t\t\t<div class=\"elementor-widget-container\">\n\t\t\t\t\t\t\t<div class=\"elementor-spacer\">\n\t\t\t<div class=\"elementor-spacer-inner\"><\/div>\n\t\t<\/div>\n\t\t\t\t\t\t<\/div>\n\t\t\t\t<\/div>\n\t\t\t\t\t<\/div>\n\t\t\t\t<\/div>\n\t\t<div class=\"elementor-element elementor-element-2523d48 e-flex e-con-boxed wpr-particle-no wpr-jarallax-no wpr-parallax-no wpr-sticky-section-no e-con e-parent\" data-id=\"2523d48\" data-element_type=\"container\">\n\t\t\t\t\t<div class=\"e-con-inner\">\n\t\t<div class=\"elementor-element elementor-element-240bca0 e-con-full e-flex wpr-particle-no wpr-jarallax-no wpr-parallax-no wpr-sticky-section-no e-con e-child\" data-id=\"240bca0\" data-element_type=\"container\" data-settings=\"{&quot;background_background&quot;:&quot;classic&quot;}\">\n\t\t\t\t<\/div>\n\t\t<div class=\"elementor-element elementor-element-d2e2d65 e-con-full e-flex wpr-particle-no wpr-jarallax-no wpr-parallax-no wpr-sticky-section-no e-con e-child\" data-id=\"d2e2d65\" data-element_type=\"container\">\n\t\t\t\t<div class=\"elementor-element elementor-element-64cb980 elementor-widget elementor-widget-text-editor\" data-id=\"64cb980\" data-element_type=\"widget\" data-widget_type=\"text-editor.default\">\n\t\t\t\t<div class=\"elementor-widget-container\">\n\t\t\t\t\t\t\t\t\t<p>Vous sentez-vous prisonnier d'un cycle d'anxi\u00e9t\u00e9 et de culpabilit\u00e9 chaque fois que vous mangez, en particulier dans des situations sociales ou avec certains aliments ? Avez-vous l'impression que la nourriture a cess\u00e9 d'\u00eatre une source de plaisir pour devenir une source de stress, affectant votre bien-\u00eatre \u00e9motionnel et physique ?<\/p>\n<p>Je sais que dans de nombreux cas, derri\u00e8re cette anxi\u00e9t\u00e9 et cette culpabilit\u00e9 peut se cacher une relation complexe avec la nourriture, qui peut m\u00eame \u00eatre \u00e0 la limite ou faire partie d'un trouble du comportement alimentaire (TCA). Il ne s'agit pas simplement d'un \"manque de volont\u00e9\" ou d'une \"folie alimentaire\", mais d'une v\u00e9ritable maladie qui affecte \u00e0 la fois le physique et l'\u00e9motionnel.<\/p>\n<p>Si vous vous sentez identifi\u00e9, je veux que vous sachiez que vous n'\u00eates pas seul, et que vous n'avez pas \u00e0 traverser cette \u00e9preuve en silence. Dans cette consultation, vous trouverez un espace s\u00fbr, sans jugement, o\u00f9 nous travaillerons ensemble \u00e0 votre rythme pour gu\u00e9rir \u00e0 la racine, avec respect, empathie et accompagnement professionnel.<\/p>\n<p>J'ai \u00e9galement v\u00e9cu pendant des ann\u00e9es avec une grande insatisfaction corporelle et des sentiments de culpabilit\u00e9, mais je peux vous assurer qu'en comprenant l'origine du probl\u00e8me, en y travaillant petit \u00e0 petit en consultation, vous vous reconnecterez avec la nourriture de mani\u00e8re saine et \u00e9quilibr\u00e9e, sans tomber dans des r\u00e9gimes restrictifs ou une culpabilit\u00e9 constante.&nbsp;<\/p>\t\t\t\t\t\t\t\t<\/div>\n\t\t\t\t<\/div>\n\t\t\t\t<\/div>\n\t\t\t\t\t<\/div>\n\t\t\t\t<\/div>\n\t\t<div class=\"elementor-element elementor-element-2e0b14a e-grid e-con-boxed wpr-particle-no wpr-jarallax-no wpr-parallax-no wpr-sticky-section-no e-con e-parent\" data-id=\"2e0b14a\" data-element_type=\"container\">\n\t\t\t\t\t<div class=\"e-con-inner\">\n\t\t\t\t<div class=\"elementor-element elementor-element-8181d9c elementor-align-center elementor-widget elementor-widget-button\" data-id=\"8181d9c\" data-element_type=\"widget\" data-widget_type=\"button.default\">\n\t\t\t\t<div class=\"elementor-widget-container\">\n\t\t\t\t\t\t\t\t\t<div class=\"elementor-button-wrapper\">\n\t\t\t\t\t<a class=\"elementor-button elementor-button-link elementor-size-sm\" href=\"https:\/\/herrerapuche.com\/fr\/en-tant-quemploi\/\">\n\t\t\t\t\t\t<span class=\"elementor-button-content-wrapper\">\n\t\t\t\t\t\t\t\t\t<span class=\"elementor-button-text\">COMMENT JE TRAVAILLE ?<\/span>\n\t\t\t\t\t<\/span>\n\t\t\t\t\t<\/a>\n\t\t\t\t<\/div>\n\t\t\t\t\t\t\t\t<\/div>\n\t\t\t\t<\/div>\n\t\t\t\t<div class=\"elementor-element elementor-element-c9cffde elementor-align-center elementor-widget elementor-widget-button\" data-id=\"c9cffde\" data-element_type=\"widget\" data-widget_type=\"button.default\">\n\t\t\t\t<div class=\"elementor-widget-container\">\n\t\t\t\t\t\t\t\t\t<div class=\"elementor-button-wrapper\">\n\t\t\t\t\t<a class=\"elementor-button elementor-button-link elementor-size-sm\" href=\"https:\/\/herrerapuche.com\/fr\/taux\/\">\n\t\t\t\t\t\t<span class=\"elementor-button-content-wrapper\">\n\t\t\t\t\t\t\t\t\t<span class=\"elementor-button-text\">TARIFS<\/span>\n\t\t\t\t\t<\/span>\n\t\t\t\t\t<\/a>\n\t\t\t\t<\/div>\n\t\t\t\t\t\t\t\t<\/div>\n\t\t\t\t<\/div>\n\t\t\t\t<div class=\"elementor-element elementor-element-d4a9da7 elementor-align-center elementor-widget elementor-widget-button\" data-id=\"d4a9da7\" data-element_type=\"widget\" data-widget_type=\"button.default\">\n\t\t\t\t<div class=\"elementor-widget-container\">\n\t\t\t\t\t\t\t\t\t<div class=\"elementor-button-wrapper\">\n\t\t\t\t\t<a class=\"elementor-button elementor-button-link elementor-size-sm\" href=\"\/fr\/contact\/#form\">\n\t\t\t\t\t\t<span class=\"elementor-button-content-wrapper\">\n\t\t\t\t\t\t\t\t\t<span class=\"elementor-button-text\">PRENDRE UN RENDEZ-VOUS<\/span>\n\t\t\t\t\t<\/span>\n\t\t\t\t\t<\/a>\n\t\t\t\t<\/div>\n\t\t\t\t\t\t\t\t<\/div>\n\t\t\t\t<\/div>\n\t\t\t\t\t<\/div>\n\t\t\t\t<\/div>\n\t\t\t\t<\/div>","protected":false},"excerpt":{"rendered":"<p>\u00bfTe encuentras atrapado\/a en un ciclo de ansiedad y culpa cada vez que comes, especialmente en situaciones sociales o con ciertos alimentos? \u00bfSientes que la comida ha dejado de ser una fuente de disfrute y se ha convertido en una fuente de estr\u00e9s, afectando tu bienestar emocional y f\u00edsico? S\u00e9 que en muchos casos, detr\u00e1s de esta ansiedad y culpa puede esconderse una relaci\u00f3n compleja con la comida, que incluso puede rozar o formar parte de un trastorno de la conducta alimentaria (TCA). Estos no son simplemente &#8216;falta de fuerza de voluntad&#8217; o &#8216;man\u00edas con la comida&#8217;, sino una enfermedad real que afecta tanto a nivel f\u00edsico como emocional. Si te sientes identificada\/o, quiero que sepas que no est\u00e1s sola\/o, ni tienes por qu\u00e9 atravesarlo en silencio. En esta consulta encontrar\u00e1s un espacio seguro, libre de juicios, donde trabajaremos juntas a tu ritmo para sanar desde la ra\u00edz, con respeto, empat\u00eda y acompa\u00f1amiento profesional. Yo tambi\u00e9n conviv\u00ed durante a\u00f1os con una alta insatisfacci\u00f3n corporal y sentimientos de culpa, pero te puedo asegurar que, comprendiendo el origen del problema, trabajando sobre ello poco a poco en consulta, volver\u00e1s a reconectar con la comida de manera sana y equilibrada, sin caer en dietas restrictivas ni en la culpa constante.&nbsp; \u00bfCOMO TRABAJO? TARIFAS PIDE TU CITA<\/p>","protected":false},"author":1,"featured_media":0,"parent":42,"menu_order":0,"comment_status":"closed","ping_status":"closed","template":"","meta":{"footnotes":""},"class_list":["post-2617","page","type-page","status-publish","hentry"],"yoast_head":"<!-- This site is optimized with the Yoast SEO plugin v26.8 - https:\/\/yoast.com\/product\/yoast-seo-wordpress\/ -->\n<title>Reducir la ansiedad y la culpa por la comida - Luc\u00eda Herrera Puche<\/title>\n<meta name=\"description\" content=\"Apoyo nutricional especializado y emocional: planes personalizados para disminuir ansiedad y mejorar tu relaci\u00f3n con la comida.\" \/>\n<meta name=\"robots\" content=\"index, follow, max-snippet:-1, max-image-preview:large, max-video-preview:-1\" \/>\n<link rel=\"canonical\" href=\"https:\/\/herrerapuche.com\/fr\/servicios-nutricionales\/nutricion-tca\/\" \/>\n<meta property=\"og:locale\" content=\"fr_FR\" \/>\n<meta property=\"og:type\" content=\"article\" \/>\n<meta property=\"og:title\" content=\"Reducir la ansiedad y la culpa por la comida - Luc\u00eda Herrera Puche\" \/>\n<meta property=\"og:description\" content=\"Apoyo nutricional especializado y emocional: planes personalizados para disminuir ansiedad y mejorar tu relaci\u00f3n con la comida.\" \/>\n<meta property=\"og:url\" content=\"https:\/\/herrerapuche.com\/fr\/servicios-nutricionales\/nutricion-tca\/\" \/>\n<meta property=\"og:site_name\" content=\"Luc\u00eda Herrera Puche\" \/>\n<meta property=\"article:modified_time\" content=\"2026-03-28T16:04:07+00:00\" \/>\n<meta name=\"twitter:card\" content=\"summary_large_image\" \/>\n<meta name=\"twitter:label1\" content=\"Dur\u00e9e de lecture estim\u00e9e\" \/>\n\t<meta name=\"twitter:data1\" content=\"1 minute\" \/>\n<script type=\"application\/ld+json\" class=\"yoast-schema-graph\">{\"@context\":\"https:\/\/schema.org\",\"@graph\":[{\"@type\":\"WebPage\",\"@id\":\"https:\/\/herrerapuche.com\/servicios-nutricionales\/nutricion-tca\/\",\"url\":\"https:\/\/herrerapuche.com\/servicios-nutricionales\/nutricion-tca\/\",\"name\":\"Reducir la ansiedad y la culpa por la comida - Luc\u00eda Herrera Puche\",\"isPartOf\":{\"@id\":\"https:\/\/herrerapuche.com\/#website\"},\"datePublished\":\"2024-10-15T09:31:23+00:00\",\"dateModified\":\"2026-03-28T16:04:07+00:00\",\"description\":\"Apoyo nutricional especializado y emocional: planes personalizados para disminuir ansiedad y mejorar tu relaci\u00f3n con la comida.\",\"breadcrumb\":{\"@id\":\"https:\/\/herrerapuche.com\/servicios-nutricionales\/nutricion-tca\/#breadcrumb\"},\"inLanguage\":\"fr-FR\",\"potentialAction\":[{\"@type\":\"ReadAction\",\"target\":[\"https:\/\/herrerapuche.com\/servicios-nutricionales\/nutricion-tca\/\"]}]},{\"@type\":\"BreadcrumbList\",\"@id\":\"https:\/\/herrerapuche.com\/servicios-nutricionales\/nutricion-tca\/#breadcrumb\",\"itemListElement\":[{\"@type\":\"ListItem\",\"position\":1,\"name\":\"Portada\",\"item\":\"https:\/\/herrerapuche.com\/\"},{\"@type\":\"ListItem\",\"position\":2,\"name\":\"Servicios Nutricionales\",\"item\":\"https:\/\/herrerapuche.com\/servicios-nutricionales\/\"},{\"@type\":\"ListItem\",\"position\":3,\"name\":\"Reducir la ansiedad y la culpa por la comida\"}]},{\"@type\":\"WebSite\",\"@id\":\"https:\/\/herrerapuche.com\/#website\",\"url\":\"https:\/\/herrerapuche.com\/\",\"name\":\"Luc\u00eda Herrera Puche\",\"description\":\"\",\"publisher\":{\"@id\":\"https:\/\/herrerapuche.com\/#\/schema\/person\/db250908f8f79867ff76967295d49aba\"},\"potentialAction\":[{\"@type\":\"SearchAction\",\"target\":{\"@type\":\"EntryPoint\",\"urlTemplate\":\"https:\/\/herrerapuche.com\/?s={search_term_string}\"},\"query-input\":{\"@type\":\"PropertyValueSpecification\",\"valueRequired\":true,\"valueName\":\"search_term_string\"}}],\"inLanguage\":\"fr-FR\"},{\"@type\":[\"Person\",\"Organization\"],\"@id\":\"https:\/\/herrerapuche.com\/#\/schema\/person\/db250908f8f79867ff76967295d49aba\",\"name\":\"Luc\u00eda Herrera\",\"image\":{\"@type\":\"ImageObject\",\"inLanguage\":\"fr-FR\",\"@id\":\"https:\/\/herrerapuche.com\/#\/schema\/person\/image\/\",\"url\":\"https:\/\/herrerapuche.com\/wp-content\/uploads\/2025\/06\/cropped-Logo-nuevo.png\",\"contentUrl\":\"https:\/\/herrerapuche.com\/wp-content\/uploads\/2025\/06\/cropped-Logo-nuevo.png\",\"width\":1078,\"height\":1078,\"caption\":\"Luc\u00eda Herrera\"},\"logo\":{\"@id\":\"https:\/\/herrerapuche.com\/#\/schema\/person\/image\/\"}}]}<\/script>\n<!-- \/ Yoast SEO plugin. -->","yoast_head_json":{"title":"R\u00e9duire l'anxi\u00e9t\u00e9 et la culpabilit\u00e9 alimentaire - Luc\u00eda Herrera Puche","description":"Apoyo nutricional especializado y emocional: planes personalizados para disminuir ansiedad y mejorar tu relaci\u00f3n con la comida.","robots":{"index":"index","follow":"follow","max-snippet":"max-snippet:-1","max-image-preview":"max-image-preview:large","max-video-preview":"max-video-preview:-1"},"canonical":"https:\/\/herrerapuche.com\/fr\/servicios-nutricionales\/nutricion-tca\/","og_locale":"fr_FR","og_type":"article","og_title":"Reducir la ansiedad y la culpa por la comida - Luc\u00eda Herrera Puche","og_description":"Apoyo nutricional especializado y emocional: planes personalizados para disminuir ansiedad y mejorar tu relaci\u00f3n con la comida.","og_url":"https:\/\/herrerapuche.com\/fr\/servicios-nutricionales\/nutricion-tca\/","og_site_name":"Luc\u00eda Herrera Puche","article_modified_time":"2026-03-28T16:04:07+00:00","twitter_card":"summary_large_image","twitter_misc":{"Dur\u00e9e de lecture estim\u00e9e":"1 minute"},"schema":{"@context":"https:\/\/schema.org","@graph":[{"@type":"WebPage","@id":"https:\/\/herrerapuche.com\/servicios-nutricionales\/nutricion-tca\/","url":"https:\/\/herrerapuche.com\/servicios-nutricionales\/nutricion-tca\/","name":"R\u00e9duire l'anxi\u00e9t\u00e9 et la culpabilit\u00e9 alimentaire - Luc\u00eda Herrera Puche","isPartOf":{"@id":"https:\/\/herrerapuche.com\/#website"},"datePublished":"2024-10-15T09:31:23+00:00","dateModified":"2026-03-28T16:04:07+00:00","description":"Apoyo nutricional especializado y emocional: planes personalizados para disminuir ansiedad y mejorar tu relaci\u00f3n con la comida.","breadcrumb":{"@id":"https:\/\/herrerapuche.com\/servicios-nutricionales\/nutricion-tca\/#breadcrumb"},"inLanguage":"fr-FR","potentialAction":[{"@type":"ReadAction","target":["https:\/\/herrerapuche.com\/servicios-nutricionales\/nutricion-tca\/"]}]},{"@type":"BreadcrumbList","@id":"https:\/\/herrerapuche.com\/servicios-nutricionales\/nutricion-tca\/#breadcrumb","itemListElement":[{"@type":"ListItem","position":1,"name":"Portada","item":"https:\/\/herrerapuche.com\/"},{"@type":"ListItem","position":2,"name":"Servicios Nutricionales","item":"https:\/\/herrerapuche.com\/servicios-nutricionales\/"},{"@type":"ListItem","position":3,"name":"Reducir la ansiedad y la culpa por la comida"}]},{"@type":"WebSite","@id":"https:\/\/herrerapuche.com\/#website","url":"https:\/\/herrerapuche.com\/","name":"Lucie Herrera Puche","description":"","publisher":{"@id":"https:\/\/herrerapuche.com\/#\/schema\/person\/db250908f8f79867ff76967295d49aba"},"potentialAction":[{"@type":"SearchAction","target":{"@type":"EntryPoint","urlTemplate":"https:\/\/herrerapuche.com\/?s={search_term_string}"},"query-input":{"@type":"PropertyValueSpecification","valueRequired":true,"valueName":"search_term_string"}}],"inLanguage":"fr-FR"},{"@type":["Person","Organization"],"@id":"https:\/\/herrerapuche.com\/#\/schema\/person\/db250908f8f79867ff76967295d49aba","name":"Luc\u00eda Herrera","image":{"@type":"ImageObject","inLanguage":"fr-FR","@id":"https:\/\/herrerapuche.com\/#\/schema\/person\/image\/","url":"https:\/\/herrerapuche.com\/wp-content\/uploads\/2025\/06\/cropped-Logo-nuevo.png","contentUrl":"https:\/\/herrerapuche.com\/wp-content\/uploads\/2025\/06\/cropped-Logo-nuevo.png","width":1078,"height":1078,"caption":"Luc\u00eda Herrera"},"logo":{"@id":"https:\/\/herrerapuche.com\/#\/schema\/person\/image\/"}}]}},"_links":{"self":[{"href":"https:\/\/herrerapuche.com\/fr\/wp-json\/wp\/v2\/pages\/2617","targetHints":{"allow":["GET"]}}],"collection":[{"href":"https:\/\/herrerapuche.com\/fr\/wp-json\/wp\/v2\/pages"}],"about":[{"href":"https:\/\/herrerapuche.com\/fr\/wp-json\/wp\/v2\/types\/page"}],"author":[{"embeddable":true,"href":"https:\/\/herrerapuche.com\/fr\/wp-json\/wp\/v2\/users\/1"}],"replies":[{"embeddable":true,"href":"https:\/\/herrerapuche.com\/fr\/wp-json\/wp\/v2\/comments?post=2617"}],"version-history":[{"count":19,"href":"https:\/\/herrerapuche.com\/fr\/wp-json\/wp\/v2\/pages\/2617\/revisions"}],"predecessor-version":[{"id":3453,"href":"https:\/\/herrerapuche.com\/fr\/wp-json\/wp\/v2\/pages\/2617\/revisions\/3453"}],"up":[{"embeddable":true,"href":"https:\/\/herrerapuche.com\/fr\/wp-json\/wp\/v2\/pages\/42"}],"wp:attachment":[{"href":"https:\/\/herrerapuche.com\/fr\/wp-json\/wp\/v2\/media?parent=2617"}],"curies":[{"name":"wp","href":"https:\/\/api.w.org\/{rel}","templated":true}]}}