{"id":2612,"date":"2024-10-15T11:30:04","date_gmt":"2024-10-15T09:30:04","guid":{"rendered":"https:\/\/herrerapuche.com\/?page_id=2612"},"modified":"2026-03-28T16:25:55","modified_gmt":"2026-03-28T15:25:55","slug":"lamelioration-des-habitudes-alimentaires-et-la-perte-de-graisse","status":"publish","type":"page","link":"https:\/\/herrerapuche.com\/fr\/servicios-nutricionales\/lamelioration-des-habitudes-alimentaires-et-la-perte-de-graisse\/","title":{"rendered":"Perte de poids"},"content":{"rendered":"<div data-elementor-type=\"wp-page\" data-elementor-id=\"2612\" class=\"elementor elementor-2612\">\n\t\t\t\t<div class=\"elementor-element elementor-element-70e24e7 e-flex e-con-boxed wpr-particle-no wpr-jarallax-no wpr-parallax-no wpr-sticky-section-no e-con e-parent\" data-id=\"70e24e7\" data-element_type=\"container\">\n\t\t\t\t\t<div class=\"e-con-inner\">\n\t\t\t\t<div class=\"elementor-element elementor-element-e141fe3 elementor-widget elementor-widget-spacer\" data-id=\"e141fe3\" data-element_type=\"widget\" data-widget_type=\"spacer.default\">\n\t\t\t\t<div class=\"elementor-widget-container\">\n\t\t\t\t\t\t\t<div class=\"elementor-spacer\">\n\t\t\t<div class=\"elementor-spacer-inner\"><\/div>\n\t\t<\/div>\n\t\t\t\t\t\t<\/div>\n\t\t\t\t<\/div>\n\t\t\t\t\t<\/div>\n\t\t\t\t<\/div>\n\t\t<div class=\"elementor-element elementor-element-2523d48 e-flex e-con-boxed wpr-particle-no wpr-jarallax-no wpr-parallax-no wpr-sticky-section-no e-con e-parent\" data-id=\"2523d48\" data-element_type=\"container\">\n\t\t\t\t\t<div class=\"e-con-inner\">\n\t\t<div class=\"elementor-element elementor-element-240bca0 e-con-full e-flex wpr-particle-no wpr-jarallax-no wpr-parallax-no wpr-sticky-section-no e-con e-child\" data-id=\"240bca0\" data-element_type=\"container\" data-settings=\"{&quot;background_background&quot;:&quot;classic&quot;}\">\n\t\t\t\t<\/div>\n\t\t<div class=\"elementor-element elementor-element-d2e2d65 e-con-full e-flex wpr-particle-no wpr-jarallax-no wpr-parallax-no wpr-sticky-section-no e-con e-child\" data-id=\"d2e2d65\" data-element_type=\"container\">\n\t\t\t\t<div class=\"elementor-element elementor-element-64cb980 elementor-widget elementor-widget-text-editor\" data-id=\"64cb980\" data-element_type=\"widget\" data-widget_type=\"text-editor.default\">\n\t\t\t\t<div class=\"elementor-widget-container\">\n\t\t\t\t\t\t\t\t\t<p data-pm-slice=\"1 1 []\">Il est possible que tu essaies de perdre du poids depuis un certain temps sans obtenir de r\u00e9sultats durables. Que tu aies test\u00e9 diff\u00e9rents r\u00e9gimes, programmes ou astuces qui n\u2019ont fait qu\u2019augmenter ta frustration et ta fatigue. Ce n\u2019est pas un manque de volont\u00e9 : de nombreux facteurs influencent ton poids au-del\u00e0 de l\u2019alimentation.<\/p>\n<p><\/p>\n<p>Ta microbiote, tes hormones, ton niveau de stress, la qualit\u00e9 de ton sommeil ou m\u00eame ton rythme de vie peuvent emp\u00eacher ton corps de bien fonctionner et de te faire sentir bien.<\/p>\n<p>C\u2019est pourquoi, dans ce programme, nous ne travaillerons pas seulement sur ton alimentation : nous irons plus loin. Je t\u2019aiderai \u00e0 identifier ce qui affecte r\u00e9ellement ton poids et ton bien-\u00eatre, \u00e0 mieux g\u00e9rer tes portions et \u00e0 cr\u00e9er un plan personnalis\u00e9 adapt\u00e9 \u00e0 ton mode de vie, \u00e0 tes horaires et \u00e0 tes go\u00fbts. Sans obsession, sans r\u00e9gimes stricts, sans restrictions ni culpabilit\u00e9. Car au final, il s\u2019agit d\u2019adapter ton alimentation \u00e0 toi \u2014 et non de t\u2019adapter \u00e0 un plan alimentaire standardis\u00e9.<\/p>\n<p><\/p>\n<p>L\u2019objectif est de donner \u00e0 ton corps les nutriments et l\u2019\u00e9quilibre dont il a besoin pour fonctionner correctement, am\u00e9liorer ton \u00e9nergie, ta digestion, ton sommeil et, par cons\u00e9quent, atteindre un poids sain de mani\u00e8re durable.<\/p>\n<p><\/p>\n<p>Il ne s\u2019agit pas de manger moins, mais de comprendre ton corps, de le respecter et de lui redonner son \u00e9quilibre naturel. Parce que lorsque le corps se sent bien, le changement vient naturellement.<\/p>\t\t\t\t\t\t\t\t<\/div>\n\t\t\t\t<\/div>\n\t\t\t\t<\/div>\n\t\t\t\t\t<\/div>\n\t\t\t\t<\/div>\n\t\t<div class=\"elementor-element elementor-element-4c5a772 e-grid e-con-boxed wpr-particle-no wpr-jarallax-no wpr-parallax-no wpr-sticky-section-no e-con e-parent\" data-id=\"4c5a772\" data-element_type=\"container\">\n\t\t\t\t\t<div class=\"e-con-inner\">\n\t\t\t\t<div class=\"elementor-element elementor-element-8181d9c elementor-align-center elementor-widget elementor-widget-button\" data-id=\"8181d9c\" data-element_type=\"widget\" data-widget_type=\"button.default\">\n\t\t\t\t<div class=\"elementor-widget-container\">\n\t\t\t\t\t\t\t\t\t<div class=\"elementor-button-wrapper\">\n\t\t\t\t\t<a class=\"elementor-button elementor-button-link elementor-size-sm\" href=\"https:\/\/herrerapuche.com\/fr\/en-tant-quemploi\/\">\n\t\t\t\t\t\t<span class=\"elementor-button-content-wrapper\">\n\t\t\t\t\t\t\t\t\t<span class=\"elementor-button-text\">COMMENT JE TRAVAILLE ?<\/span>\n\t\t\t\t\t<\/span>\n\t\t\t\t\t<\/a>\n\t\t\t\t<\/div>\n\t\t\t\t\t\t\t\t<\/div>\n\t\t\t\t<\/div>\n\t\t\t\t<div class=\"elementor-element elementor-element-e53f365 elementor-align-center elementor-widget elementor-widget-button\" data-id=\"e53f365\" data-element_type=\"widget\" data-widget_type=\"button.default\">\n\t\t\t\t<div class=\"elementor-widget-container\">\n\t\t\t\t\t\t\t\t\t<div class=\"elementor-button-wrapper\">\n\t\t\t\t\t<a class=\"elementor-button elementor-button-link elementor-size-sm\" href=\"https:\/\/herrerapuche.com\/fr\/taux\/\">\n\t\t\t\t\t\t<span class=\"elementor-button-content-wrapper\">\n\t\t\t\t\t\t\t\t\t<span class=\"elementor-button-text\">TARIFS<\/span>\n\t\t\t\t\t<\/span>\n\t\t\t\t\t<\/a>\n\t\t\t\t<\/div>\n\t\t\t\t\t\t\t\t<\/div>\n\t\t\t\t<\/div>\n\t\t\t\t<div class=\"elementor-element elementor-element-d4a9da7 elementor-align-center elementor-widget elementor-widget-button\" data-id=\"d4a9da7\" data-element_type=\"widget\" data-widget_type=\"button.default\">\n\t\t\t\t<div class=\"elementor-widget-container\">\n\t\t\t\t\t\t\t\t\t<div class=\"elementor-button-wrapper\">\n\t\t\t\t\t<a class=\"elementor-button elementor-button-link elementor-size-sm\" href=\"https:\/\/herrerapuche.com\/fr\/contact\/\">\n\t\t\t\t\t\t<span class=\"elementor-button-content-wrapper\">\n\t\t\t\t\t\t\t\t\t<span class=\"elementor-button-text\">PRENDRE UN RENDEZ-VOUS<\/span>\n\t\t\t\t\t<\/span>\n\t\t\t\t\t<\/a>\n\t\t\t\t<\/div>\n\t\t\t\t\t\t\t\t<\/div>\n\t\t\t\t<\/div>\n\t\t\t\t\t<\/div>\n\t\t\t\t<\/div>\n\t\t\t\t<\/div>","protected":false},"excerpt":{"rendered":"<p>Es posible que lleves tiempo intentando perder peso sin conseguir resultados duraderos. Que hayas probado diferentes dietas, planes o trucos que solo te generaron m\u00e1s frustraci\u00f3n y cansancio. No es falta de fuerza de voluntad: hay muchos factores que influyen en tu peso m\u00e1s all\u00e1 de la comida. Tu microbiota, tus hormonas, el nivel de estr\u00e9s, la calidad del sue\u00f1o o incluso tu ritmo de vida pueden estar impidiendo que tu cuerpo funcione correctamente y que te sientas bien contigo mismo\/a. Por eso, en este programa no trabajaremos solo la alimentaci\u00f3n: iremos un paso m\u00e1s all\u00e1. Te ayudar\u00e9 a identificar qu\u00e9 est\u00e1 afectando realmente a tu peso y a tu bienestar, te ayudar\u00e9 a manejar porciones y crear\u00e9 un plan personalizado que se adapte a tu estilo de vida, tus horarios y tus gustos. Sin obsesiones, sin dietas estrictas, restricciones ni culpa. Porque al final se trata de eso: adaptar la alimentaci\u00f3n a ti y no adaptarte t\u00fa a un plan de alimentaci\u00f3n estandarizado. El objetivo es darle a tu cuerpo los nutrientes y el equilibrio que necesita para volver a funcionar como deber\u00eda, mejorar tu energ\u00eda, tu digesti\u00f3n, tu descanso y, como consecuencia, alcanzar un peso saludable de forma sostenible. No se trata de comer menos, sino de entender a tu cuerpo, cuidarlo y devolverle su equilibrio natural. Porque cuando el cuerpo se siente bien, el cambio llega solo. \u00bfCOMO TRABAJO? TARIFAS PIDE TU CITA<\/p>","protected":false},"author":1,"featured_media":0,"parent":42,"menu_order":0,"comment_status":"closed","ping_status":"closed","template":"","meta":{"footnotes":""},"class_list":["post-2612","page","type-page","status-publish","hentry"],"yoast_head":"<!-- This site is optimized with the Yoast SEO plugin v26.8 - https:\/\/yoast.com\/product\/yoast-seo-wordpress\/ -->\n<title>P\u00e9rdida de peso - Luc\u00eda Herrera Puche<\/title>\n<meta name=\"description\" content=\"Logra una p\u00e9rdida de peso sostenible con un enfoque de alimentaci\u00f3n basado en la salud, sin obsesiones ni restricciones extremas.\" \/>\n<meta name=\"robots\" content=\"index, follow, max-snippet:-1, max-image-preview:large, max-video-preview:-1\" \/>\n<link rel=\"canonical\" href=\"https:\/\/herrerapuche.com\/fr\/servicios-nutricionales\/lamelioration-des-habitudes-alimentaires-et-la-perte-de-graisse\/\" \/>\n<meta property=\"og:locale\" content=\"fr_FR\" \/>\n<meta property=\"og:type\" content=\"article\" \/>\n<meta property=\"og:title\" content=\"P\u00e9rdida de peso - Luc\u00eda Herrera Puche\" \/>\n<meta property=\"og:description\" content=\"Logra una p\u00e9rdida de peso sostenible con un enfoque de alimentaci\u00f3n basado en la salud, sin obsesiones ni restricciones extremas.\" \/>\n<meta property=\"og:url\" content=\"https:\/\/herrerapuche.com\/fr\/servicios-nutricionales\/lamelioration-des-habitudes-alimentaires-et-la-perte-de-graisse\/\" \/>\n<meta property=\"og:site_name\" content=\"Luc\u00eda Herrera Puche\" \/>\n<meta property=\"article:modified_time\" content=\"2026-03-28T15:25:55+00:00\" \/>\n<meta name=\"twitter:card\" content=\"summary_large_image\" \/>\n<meta name=\"twitter:label1\" content=\"Dur\u00e9e de lecture estim\u00e9e\" \/>\n\t<meta name=\"twitter:data1\" content=\"2 minutes\" \/>\n<script type=\"application\/ld+json\" class=\"yoast-schema-graph\">{\"@context\":\"https:\/\/schema.org\",\"@graph\":[{\"@type\":\"WebPage\",\"@id\":\"https:\/\/herrerapuche.com\/servicios-nutricionales\/mejora-de-habitos-alimentarios-y-perdida-de-grasa\/\",\"url\":\"https:\/\/herrerapuche.com\/servicios-nutricionales\/mejora-de-habitos-alimentarios-y-perdida-de-grasa\/\",\"name\":\"P\u00e9rdida de peso - Luc\u00eda Herrera Puche\",\"isPartOf\":{\"@id\":\"https:\/\/herrerapuche.com\/#website\"},\"datePublished\":\"2024-10-15T09:30:04+00:00\",\"dateModified\":\"2026-03-28T15:25:55+00:00\",\"description\":\"Logra una p\u00e9rdida de peso sostenible con un enfoque de alimentaci\u00f3n basado en la salud, sin obsesiones ni restricciones extremas.\",\"breadcrumb\":{\"@id\":\"https:\/\/herrerapuche.com\/servicios-nutricionales\/mejora-de-habitos-alimentarios-y-perdida-de-grasa\/#breadcrumb\"},\"inLanguage\":\"fr-FR\",\"potentialAction\":[{\"@type\":\"ReadAction\",\"target\":[\"https:\/\/herrerapuche.com\/servicios-nutricionales\/mejora-de-habitos-alimentarios-y-perdida-de-grasa\/\"]}]},{\"@type\":\"BreadcrumbList\",\"@id\":\"https:\/\/herrerapuche.com\/servicios-nutricionales\/mejora-de-habitos-alimentarios-y-perdida-de-grasa\/#breadcrumb\",\"itemListElement\":[{\"@type\":\"ListItem\",\"position\":1,\"name\":\"Portada\",\"item\":\"https:\/\/herrerapuche.com\/\"},{\"@type\":\"ListItem\",\"position\":2,\"name\":\"Servicios Nutricionales\",\"item\":\"https:\/\/herrerapuche.com\/servicios-nutricionales\/\"},{\"@type\":\"ListItem\",\"position\":3,\"name\":\"P\u00e9rdida de peso\"}]},{\"@type\":\"WebSite\",\"@id\":\"https:\/\/herrerapuche.com\/#website\",\"url\":\"https:\/\/herrerapuche.com\/\",\"name\":\"Luc\u00eda Herrera Puche\",\"description\":\"\",\"publisher\":{\"@id\":\"https:\/\/herrerapuche.com\/#\/schema\/person\/db250908f8f79867ff76967295d49aba\"},\"potentialAction\":[{\"@type\":\"SearchAction\",\"target\":{\"@type\":\"EntryPoint\",\"urlTemplate\":\"https:\/\/herrerapuche.com\/?s={search_term_string}\"},\"query-input\":{\"@type\":\"PropertyValueSpecification\",\"valueRequired\":true,\"valueName\":\"search_term_string\"}}],\"inLanguage\":\"fr-FR\"},{\"@type\":[\"Person\",\"Organization\"],\"@id\":\"https:\/\/herrerapuche.com\/#\/schema\/person\/db250908f8f79867ff76967295d49aba\",\"name\":\"Luc\u00eda Herrera\",\"image\":{\"@type\":\"ImageObject\",\"inLanguage\":\"fr-FR\",\"@id\":\"https:\/\/herrerapuche.com\/#\/schema\/person\/image\/\",\"url\":\"https:\/\/herrerapuche.com\/wp-content\/uploads\/2025\/06\/cropped-Logo-nuevo.png\",\"contentUrl\":\"https:\/\/herrerapuche.com\/wp-content\/uploads\/2025\/06\/cropped-Logo-nuevo.png\",\"width\":1078,\"height\":1078,\"caption\":\"Luc\u00eda Herrera\"},\"logo\":{\"@id\":\"https:\/\/herrerapuche.com\/#\/schema\/person\/image\/\"}}]}<\/script>\n<!-- \/ Yoast SEO plugin. -->","yoast_head_json":{"title":"Perte de poids - Luc\u00eda Herrera Puche","description":"Logra una p\u00e9rdida de peso sostenible con un enfoque de alimentaci\u00f3n basado en la salud, sin obsesiones ni restricciones extremas.","robots":{"index":"index","follow":"follow","max-snippet":"max-snippet:-1","max-image-preview":"max-image-preview:large","max-video-preview":"max-video-preview:-1"},"canonical":"https:\/\/herrerapuche.com\/fr\/servicios-nutricionales\/lamelioration-des-habitudes-alimentaires-et-la-perte-de-graisse\/","og_locale":"fr_FR","og_type":"article","og_title":"P\u00e9rdida de peso - Luc\u00eda Herrera Puche","og_description":"Logra una p\u00e9rdida de peso sostenible con un enfoque de alimentaci\u00f3n basado en la salud, sin obsesiones ni restricciones extremas.","og_url":"https:\/\/herrerapuche.com\/fr\/servicios-nutricionales\/lamelioration-des-habitudes-alimentaires-et-la-perte-de-graisse\/","og_site_name":"Luc\u00eda Herrera Puche","article_modified_time":"2026-03-28T15:25:55+00:00","twitter_card":"summary_large_image","twitter_misc":{"Dur\u00e9e de lecture estim\u00e9e":"2 minutes"},"schema":{"@context":"https:\/\/schema.org","@graph":[{"@type":"WebPage","@id":"https:\/\/herrerapuche.com\/servicios-nutricionales\/mejora-de-habitos-alimentarios-y-perdida-de-grasa\/","url":"https:\/\/herrerapuche.com\/servicios-nutricionales\/mejora-de-habitos-alimentarios-y-perdida-de-grasa\/","name":"Perte de poids - Luc\u00eda Herrera Puche","isPartOf":{"@id":"https:\/\/herrerapuche.com\/#website"},"datePublished":"2024-10-15T09:30:04+00:00","dateModified":"2026-03-28T15:25:55+00:00","description":"Logra una p\u00e9rdida de peso sostenible con un enfoque de alimentaci\u00f3n basado en la salud, sin obsesiones ni restricciones extremas.","breadcrumb":{"@id":"https:\/\/herrerapuche.com\/servicios-nutricionales\/mejora-de-habitos-alimentarios-y-perdida-de-grasa\/#breadcrumb"},"inLanguage":"fr-FR","potentialAction":[{"@type":"ReadAction","target":["https:\/\/herrerapuche.com\/servicios-nutricionales\/mejora-de-habitos-alimentarios-y-perdida-de-grasa\/"]}]},{"@type":"BreadcrumbList","@id":"https:\/\/herrerapuche.com\/servicios-nutricionales\/mejora-de-habitos-alimentarios-y-perdida-de-grasa\/#breadcrumb","itemListElement":[{"@type":"ListItem","position":1,"name":"Portada","item":"https:\/\/herrerapuche.com\/"},{"@type":"ListItem","position":2,"name":"Servicios Nutricionales","item":"https:\/\/herrerapuche.com\/servicios-nutricionales\/"},{"@type":"ListItem","position":3,"name":"P\u00e9rdida de peso"}]},{"@type":"WebSite","@id":"https:\/\/herrerapuche.com\/#website","url":"https:\/\/herrerapuche.com\/","name":"Lucie Herrera Puche","description":"","publisher":{"@id":"https:\/\/herrerapuche.com\/#\/schema\/person\/db250908f8f79867ff76967295d49aba"},"potentialAction":[{"@type":"SearchAction","target":{"@type":"EntryPoint","urlTemplate":"https:\/\/herrerapuche.com\/?s={search_term_string}"},"query-input":{"@type":"PropertyValueSpecification","valueRequired":true,"valueName":"search_term_string"}}],"inLanguage":"fr-FR"},{"@type":["Person","Organization"],"@id":"https:\/\/herrerapuche.com\/#\/schema\/person\/db250908f8f79867ff76967295d49aba","name":"Luc\u00eda Herrera","image":{"@type":"ImageObject","inLanguage":"fr-FR","@id":"https:\/\/herrerapuche.com\/#\/schema\/person\/image\/","url":"https:\/\/herrerapuche.com\/wp-content\/uploads\/2025\/06\/cropped-Logo-nuevo.png","contentUrl":"https:\/\/herrerapuche.com\/wp-content\/uploads\/2025\/06\/cropped-Logo-nuevo.png","width":1078,"height":1078,"caption":"Luc\u00eda Herrera"},"logo":{"@id":"https:\/\/herrerapuche.com\/#\/schema\/person\/image\/"}}]}},"_links":{"self":[{"href":"https:\/\/herrerapuche.com\/fr\/wp-json\/wp\/v2\/pages\/2612","targetHints":{"allow":["GET"]}}],"collection":[{"href":"https:\/\/herrerapuche.com\/fr\/wp-json\/wp\/v2\/pages"}],"about":[{"href":"https:\/\/herrerapuche.com\/fr\/wp-json\/wp\/v2\/types\/page"}],"author":[{"embeddable":true,"href":"https:\/\/herrerapuche.com\/fr\/wp-json\/wp\/v2\/users\/1"}],"replies":[{"embeddable":true,"href":"https:\/\/herrerapuche.com\/fr\/wp-json\/wp\/v2\/comments?post=2612"}],"version-history":[{"count":30,"href":"https:\/\/herrerapuche.com\/fr\/wp-json\/wp\/v2\/pages\/2612\/revisions"}],"predecessor-version":[{"id":3729,"href":"https:\/\/herrerapuche.com\/fr\/wp-json\/wp\/v2\/pages\/2612\/revisions\/3729"}],"up":[{"embeddable":true,"href":"https:\/\/herrerapuche.com\/fr\/wp-json\/wp\/v2\/pages\/42"}],"wp:attachment":[{"href":"https:\/\/herrerapuche.com\/fr\/wp-json\/wp\/v2\/media?parent=2612"}],"curies":[{"name":"wp","href":"https:\/\/api.w.org\/{rel}","templated":true}]}}