{"id":2607,"date":"2024-10-15T11:28:41","date_gmt":"2024-10-15T09:28:41","guid":{"rendered":"https:\/\/herrerapuche.com\/?page_id=2607"},"modified":"2026-03-28T17:36:44","modified_gmt":"2026-03-28T16:36:44","slug":"problemes-digestifs","status":"publish","type":"page","link":"https:\/\/herrerapuche.com\/fr\/servicios-nutricionales\/problemes-digestifs\/","title":{"rendered":"Probl\u00e8mes digestifs"},"content":{"rendered":"<div data-elementor-type=\"wp-page\" data-elementor-id=\"2607\" class=\"elementor elementor-2607\">\n\t\t\t\t<div class=\"elementor-element elementor-element-70e24e7 e-flex e-con-boxed wpr-particle-no wpr-jarallax-no wpr-parallax-no wpr-sticky-section-no e-con e-parent\" data-id=\"70e24e7\" data-element_type=\"container\">\n\t\t\t\t\t<div class=\"e-con-inner\">\n\t\t\t\t<div class=\"elementor-element elementor-element-e141fe3 elementor-widget elementor-widget-spacer\" data-id=\"e141fe3\" data-element_type=\"widget\" data-widget_type=\"spacer.default\">\n\t\t\t\t<div class=\"elementor-widget-container\">\n\t\t\t\t\t\t\t<div class=\"elementor-spacer\">\n\t\t\t<div class=\"elementor-spacer-inner\"><\/div>\n\t\t<\/div>\n\t\t\t\t\t\t<\/div>\n\t\t\t\t<\/div>\n\t\t\t\t\t<\/div>\n\t\t\t\t<\/div>\n\t\t<div class=\"elementor-element elementor-element-2523d48 e-flex e-con-boxed wpr-particle-no wpr-jarallax-no wpr-parallax-no wpr-sticky-section-no e-con e-parent\" data-id=\"2523d48\" data-element_type=\"container\">\n\t\t\t\t\t<div class=\"e-con-inner\">\n\t\t<div class=\"elementor-element elementor-element-240bca0 e-con-full e-flex wpr-particle-no wpr-jarallax-no wpr-parallax-no wpr-sticky-section-no e-con e-child\" data-id=\"240bca0\" data-element_type=\"container\" data-settings=\"{&quot;background_background&quot;:&quot;classic&quot;}\">\n\t\t\t\t<\/div>\n\t\t<div class=\"elementor-element elementor-element-d2e2d65 e-con-full e-flex wpr-particle-no wpr-jarallax-no wpr-parallax-no wpr-sticky-section-no e-con e-child\" data-id=\"d2e2d65\" data-element_type=\"container\">\n\t\t\t\t<div class=\"elementor-element elementor-element-64cb980 elementor-widget elementor-widget-text-editor\" data-id=\"64cb980\" data-element_type=\"widget\" data-widget_type=\"text-editor.default\">\n\t\t\t\t<div class=\"elementor-widget-container\">\n\t\t\t\t\t\t\t\t\t<p>\u00bfSufres de problemas digestivos como colon irritable, SIBO, reflujo, gastritis, intolerancias alimentarias y\/o enfermedad hep\u00e1tica o biliar, que afectan a tu calidad de vida? \u00bfTe sientes frustrado\/a porque no sabes qu\u00e9 alimentos desencadenan los s\u00edntomas y c\u00f3mo manejar la situaci\u00f3n de forma efectiva? D\u00e9jame decirte que tambi\u00e9n he pasado por ah\u00ed, yo tambi\u00e9n he finalizado mi d\u00eda con una barriga de embarazada y con ardor durante m\u00e1s de 4 a\u00f1os, viendo que comiera lo que comiera no hab\u00eda manera de estar bien, pero cr\u00e9eme que hay luz al final del t\u00fanel. Despu\u00e9s de todos estos a\u00f1os he aprendido a como solventar estos problemas y quiero ense\u00f1arte a que t\u00fa tambi\u00e9n puedes sanar, empezando a comprender tu cuerpo y tus emociones y prestando atenci\u00f3n a lo que comes.<\/p><p>A trav\u00e9s de una evaluaci\u00f3n integral de tu alimentaci\u00f3n y estilo de vida, identifico los desencadenantes y patrones que agravan tu condici\u00f3n. Te proporcionar\u00e9 un plan nutricional espec\u00edfico para aliviar tus s\u00edntomas digestivos, mejorar tu digesti\u00f3n y equilibrar tu microbiota intestinal. Te hago un seguimiento exhaustivo a lo largo de las sesiones d\u00e1ndote herramientas para que puedas disfrutar de tus comidas sin temor a molestias.<\/p>\t\t\t\t\t\t\t\t<\/div>\n\t\t\t\t<\/div>\n\t\t\t\t<\/div>\n\t\t\t\t\t<\/div>\n\t\t\t\t<\/div>\n\t\t<div class=\"elementor-element elementor-element-ac97e43 e-grid e-con-boxed wpr-particle-no wpr-jarallax-no wpr-parallax-no wpr-sticky-section-no e-con e-parent\" data-id=\"ac97e43\" data-element_type=\"container\">\n\t\t\t\t\t<div class=\"e-con-inner\">\n\t\t\t\t<div class=\"elementor-element elementor-element-8181d9c elementor-align-center elementor-widget elementor-widget-button\" data-id=\"8181d9c\" data-element_type=\"widget\" data-widget_type=\"button.default\">\n\t\t\t\t<div class=\"elementor-widget-container\">\n\t\t\t\t\t\t\t\t\t<div class=\"elementor-button-wrapper\">\n\t\t\t\t\t<a class=\"elementor-button elementor-button-link elementor-size-sm\" href=\"https:\/\/herrerapuche.com\/fr\/en-tant-quemploi\/\">\n\t\t\t\t\t\t<span class=\"elementor-button-content-wrapper\">\n\t\t\t\t\t\t\t\t\t<span class=\"elementor-button-text\">COMMENT JE TRAVAILLE ?<\/span>\n\t\t\t\t\t<\/span>\n\t\t\t\t\t<\/a>\n\t\t\t\t<\/div>\n\t\t\t\t\t\t\t\t<\/div>\n\t\t\t\t<\/div>\n\t\t\t\t<div class=\"elementor-element elementor-element-f199571 elementor-align-center elementor-widget elementor-widget-button\" data-id=\"f199571\" data-element_type=\"widget\" data-widget_type=\"button.default\">\n\t\t\t\t<div class=\"elementor-widget-container\">\n\t\t\t\t\t\t\t\t\t<div class=\"elementor-button-wrapper\">\n\t\t\t\t\t<a class=\"elementor-button elementor-button-link elementor-size-sm\" href=\"https:\/\/herrerapuche.com\/fr\/taux\/\">\n\t\t\t\t\t\t<span class=\"elementor-button-content-wrapper\">\n\t\t\t\t\t\t\t\t\t<span class=\"elementor-button-text\">TARIFS<\/span>\n\t\t\t\t\t<\/span>\n\t\t\t\t\t<\/a>\n\t\t\t\t<\/div>\n\t\t\t\t\t\t\t\t<\/div>\n\t\t\t\t<\/div>\n\t\t\t\t<div class=\"elementor-element elementor-element-d4a9da7 elementor-widget elementor-widget-button\" data-id=\"d4a9da7\" data-element_type=\"widget\" data-widget_type=\"button.default\">\n\t\t\t\t<div class=\"elementor-widget-container\">\n\t\t\t\t\t\t\t\t\t<div class=\"elementor-button-wrapper\">\n\t\t\t\t\t<a class=\"elementor-button elementor-button-link elementor-size-sm\" href=\"\/fr\/contact\/#form\">\n\t\t\t\t\t\t<span class=\"elementor-button-content-wrapper\">\n\t\t\t\t\t\t\t\t\t<span class=\"elementor-button-text\">PRENDRE UN RENDEZ-VOUS<\/span>\n\t\t\t\t\t<\/span>\n\t\t\t\t\t<\/a>\n\t\t\t\t<\/div>\n\t\t\t\t\t\t\t\t<\/div>\n\t\t\t\t<\/div>\n\t\t\t\t\t<\/div>\n\t\t\t\t<\/div>\n\t\t\t\t<\/div>","protected":false},"excerpt":{"rendered":"<p>\u00bfSufres de problemas digestivos como colon irritable, SIBO, reflujo, gastritis, intolerancias alimentarias y\/o enfermedad hep\u00e1tica o biliar, que afectan a tu calidad de vida? \u00bfTe sientes frustrado\/a porque no sabes qu\u00e9 alimentos desencadenan los s\u00edntomas y c\u00f3mo manejar la situaci\u00f3n de forma efectiva? D\u00e9jame decirte que tambi\u00e9n he pasado por ah\u00ed, yo tambi\u00e9n he finalizado mi d\u00eda con una barriga de embarazada y con ardor durante m\u00e1s de 4 a\u00f1os, viendo que comiera lo que comiera no hab\u00eda manera de estar bien, pero cr\u00e9eme que hay luz al final del t\u00fanel. Despu\u00e9s de todos estos a\u00f1os he aprendido a como solventar estos problemas y quiero ense\u00f1arte a que t\u00fa tambi\u00e9n puedes sanar, empezando a comprender tu cuerpo y tus emociones y prestando atenci\u00f3n a lo que comes. A trav\u00e9s de una evaluaci\u00f3n integral de tu alimentaci\u00f3n y estilo de vida, identifico los desencadenantes y patrones que agravan tu condici\u00f3n. Te proporcionar\u00e9 un plan nutricional espec\u00edfico para aliviar tus s\u00edntomas digestivos, mejorar tu digesti\u00f3n y equilibrar tu microbiota intestinal. Te hago un seguimiento exhaustivo a lo largo de las sesiones d\u00e1ndote herramientas para que puedas disfrutar de tus comidas sin temor a molestias. \u00bfCOMO TRABAJO? TARIFAS PIDE TU CITA<\/p>","protected":false},"author":1,"featured_media":0,"parent":42,"menu_order":0,"comment_status":"closed","ping_status":"closed","template":"","meta":{"footnotes":""},"class_list":["post-2607","page","type-page","status-publish","hentry"],"yoast_head":"<!-- This site is optimized with the Yoast SEO plugin v26.8 - https:\/\/yoast.com\/product\/yoast-seo-wordpress\/ -->\n<title>Problemas Digestivos - Luc\u00eda Herrera Puche<\/title>\n<meta name=\"description\" content=\"Especialista en problemas digestivos: tratamiento nutricional avanzado para SIBO, digesti\u00f3n y salud intestinal.\" \/>\n<meta name=\"robots\" content=\"index, follow, max-snippet:-1, max-image-preview:large, max-video-preview:-1\" \/>\n<link rel=\"canonical\" href=\"https:\/\/herrerapuche.com\/fr\/servicios-nutricionales\/problemes-digestifs\/\" \/>\n<meta property=\"og:locale\" content=\"fr_FR\" \/>\n<meta property=\"og:type\" content=\"article\" \/>\n<meta property=\"og:title\" content=\"Problemas Digestivos - Luc\u00eda Herrera Puche\" \/>\n<meta property=\"og:description\" content=\"Especialista en problemas digestivos: tratamiento nutricional avanzado para SIBO, digesti\u00f3n y salud intestinal.\" \/>\n<meta property=\"og:url\" content=\"https:\/\/herrerapuche.com\/fr\/servicios-nutricionales\/problemes-digestifs\/\" \/>\n<meta property=\"og:site_name\" content=\"Luc\u00eda Herrera Puche\" \/>\n<meta property=\"article:modified_time\" content=\"2026-03-28T16:36:44+00:00\" \/>\n<meta name=\"twitter:card\" content=\"summary_large_image\" \/>\n<meta name=\"twitter:label1\" content=\"Dur\u00e9e de lecture estim\u00e9e\" \/>\n\t<meta name=\"twitter:data1\" content=\"1 minute\" \/>\n<script type=\"application\/ld+json\" class=\"yoast-schema-graph\">{\"@context\":\"https:\/\/schema.org\",\"@graph\":[{\"@type\":\"WebPage\",\"@id\":\"https:\/\/herrerapuche.com\/servicios-nutricionales\/problemas-digestivos\/\",\"url\":\"https:\/\/herrerapuche.com\/servicios-nutricionales\/problemas-digestivos\/\",\"name\":\"Problemas Digestivos - Luc\u00eda Herrera Puche\",\"isPartOf\":{\"@id\":\"https:\/\/herrerapuche.com\/#website\"},\"datePublished\":\"2024-10-15T09:28:41+00:00\",\"dateModified\":\"2026-03-28T16:36:44+00:00\",\"description\":\"Especialista en problemas digestivos: tratamiento nutricional avanzado para SIBO, digesti\u00f3n y salud intestinal.\",\"breadcrumb\":{\"@id\":\"https:\/\/herrerapuche.com\/servicios-nutricionales\/problemas-digestivos\/#breadcrumb\"},\"inLanguage\":\"fr-FR\",\"potentialAction\":[{\"@type\":\"ReadAction\",\"target\":[\"https:\/\/herrerapuche.com\/servicios-nutricionales\/problemas-digestivos\/\"]}]},{\"@type\":\"BreadcrumbList\",\"@id\":\"https:\/\/herrerapuche.com\/servicios-nutricionales\/problemas-digestivos\/#breadcrumb\",\"itemListElement\":[{\"@type\":\"ListItem\",\"position\":1,\"name\":\"Portada\",\"item\":\"https:\/\/herrerapuche.com\/\"},{\"@type\":\"ListItem\",\"position\":2,\"name\":\"Servicios Nutricionales\",\"item\":\"https:\/\/herrerapuche.com\/servicios-nutricionales\/\"},{\"@type\":\"ListItem\",\"position\":3,\"name\":\"Problemas Digestivos\"}]},{\"@type\":\"WebSite\",\"@id\":\"https:\/\/herrerapuche.com\/#website\",\"url\":\"https:\/\/herrerapuche.com\/\",\"name\":\"Luc\u00eda Herrera Puche\",\"description\":\"\",\"publisher\":{\"@id\":\"https:\/\/herrerapuche.com\/#\/schema\/person\/db250908f8f79867ff76967295d49aba\"},\"potentialAction\":[{\"@type\":\"SearchAction\",\"target\":{\"@type\":\"EntryPoint\",\"urlTemplate\":\"https:\/\/herrerapuche.com\/?s={search_term_string}\"},\"query-input\":{\"@type\":\"PropertyValueSpecification\",\"valueRequired\":true,\"valueName\":\"search_term_string\"}}],\"inLanguage\":\"fr-FR\"},{\"@type\":[\"Person\",\"Organization\"],\"@id\":\"https:\/\/herrerapuche.com\/#\/schema\/person\/db250908f8f79867ff76967295d49aba\",\"name\":\"Luc\u00eda Herrera\",\"image\":{\"@type\":\"ImageObject\",\"inLanguage\":\"fr-FR\",\"@id\":\"https:\/\/herrerapuche.com\/#\/schema\/person\/image\/\",\"url\":\"https:\/\/herrerapuche.com\/wp-content\/uploads\/2025\/06\/cropped-Logo-nuevo.png\",\"contentUrl\":\"https:\/\/herrerapuche.com\/wp-content\/uploads\/2025\/06\/cropped-Logo-nuevo.png\",\"width\":1078,\"height\":1078,\"caption\":\"Luc\u00eda Herrera\"},\"logo\":{\"@id\":\"https:\/\/herrerapuche.com\/#\/schema\/person\/image\/\"}}]}<\/script>\n<!-- \/ Yoast SEO plugin. -->","yoast_head_json":{"title":"Probl\u00e8mes digestifs - Luc\u00eda Herrera Puche","description":"Especialista en problemas digestivos: tratamiento nutricional avanzado para SIBO, digesti\u00f3n y salud intestinal.","robots":{"index":"index","follow":"follow","max-snippet":"max-snippet:-1","max-image-preview":"max-image-preview:large","max-video-preview":"max-video-preview:-1"},"canonical":"https:\/\/herrerapuche.com\/fr\/servicios-nutricionales\/problemes-digestifs\/","og_locale":"fr_FR","og_type":"article","og_title":"Problemas Digestivos - Luc\u00eda Herrera Puche","og_description":"Especialista en problemas digestivos: tratamiento nutricional avanzado para SIBO, digesti\u00f3n y salud intestinal.","og_url":"https:\/\/herrerapuche.com\/fr\/servicios-nutricionales\/problemes-digestifs\/","og_site_name":"Luc\u00eda Herrera Puche","article_modified_time":"2026-03-28T16:36:44+00:00","twitter_card":"summary_large_image","twitter_misc":{"Dur\u00e9e de lecture estim\u00e9e":"1 minute"},"schema":{"@context":"https:\/\/schema.org","@graph":[{"@type":"WebPage","@id":"https:\/\/herrerapuche.com\/servicios-nutricionales\/problemas-digestivos\/","url":"https:\/\/herrerapuche.com\/servicios-nutricionales\/problemas-digestivos\/","name":"Probl\u00e8mes digestifs - Luc\u00eda Herrera Puche","isPartOf":{"@id":"https:\/\/herrerapuche.com\/#website"},"datePublished":"2024-10-15T09:28:41+00:00","dateModified":"2026-03-28T16:36:44+00:00","description":"Especialista en problemas digestivos: tratamiento nutricional avanzado para SIBO, digesti\u00f3n y salud intestinal.","breadcrumb":{"@id":"https:\/\/herrerapuche.com\/servicios-nutricionales\/problemas-digestivos\/#breadcrumb"},"inLanguage":"fr-FR","potentialAction":[{"@type":"ReadAction","target":["https:\/\/herrerapuche.com\/servicios-nutricionales\/problemas-digestivos\/"]}]},{"@type":"BreadcrumbList","@id":"https:\/\/herrerapuche.com\/servicios-nutricionales\/problemas-digestivos\/#breadcrumb","itemListElement":[{"@type":"ListItem","position":1,"name":"Portada","item":"https:\/\/herrerapuche.com\/"},{"@type":"ListItem","position":2,"name":"Servicios Nutricionales","item":"https:\/\/herrerapuche.com\/servicios-nutricionales\/"},{"@type":"ListItem","position":3,"name":"Problemas Digestivos"}]},{"@type":"WebSite","@id":"https:\/\/herrerapuche.com\/#website","url":"https:\/\/herrerapuche.com\/","name":"Lucie Herrera Puche","description":"","publisher":{"@id":"https:\/\/herrerapuche.com\/#\/schema\/person\/db250908f8f79867ff76967295d49aba"},"potentialAction":[{"@type":"SearchAction","target":{"@type":"EntryPoint","urlTemplate":"https:\/\/herrerapuche.com\/?s={search_term_string}"},"query-input":{"@type":"PropertyValueSpecification","valueRequired":true,"valueName":"search_term_string"}}],"inLanguage":"fr-FR"},{"@type":["Person","Organization"],"@id":"https:\/\/herrerapuche.com\/#\/schema\/person\/db250908f8f79867ff76967295d49aba","name":"Luc\u00eda Herrera","image":{"@type":"ImageObject","inLanguage":"fr-FR","@id":"https:\/\/herrerapuche.com\/#\/schema\/person\/image\/","url":"https:\/\/herrerapuche.com\/wp-content\/uploads\/2025\/06\/cropped-Logo-nuevo.png","contentUrl":"https:\/\/herrerapuche.com\/wp-content\/uploads\/2025\/06\/cropped-Logo-nuevo.png","width":1078,"height":1078,"caption":"Luc\u00eda Herrera"},"logo":{"@id":"https:\/\/herrerapuche.com\/#\/schema\/person\/image\/"}}]}},"_links":{"self":[{"href":"https:\/\/herrerapuche.com\/fr\/wp-json\/wp\/v2\/pages\/2607","targetHints":{"allow":["GET"]}}],"collection":[{"href":"https:\/\/herrerapuche.com\/fr\/wp-json\/wp\/v2\/pages"}],"about":[{"href":"https:\/\/herrerapuche.com\/fr\/wp-json\/wp\/v2\/types\/page"}],"author":[{"embeddable":true,"href":"https:\/\/herrerapuche.com\/fr\/wp-json\/wp\/v2\/users\/1"}],"replies":[{"embeddable":true,"href":"https:\/\/herrerapuche.com\/fr\/wp-json\/wp\/v2\/comments?post=2607"}],"version-history":[{"count":21,"href":"https:\/\/herrerapuche.com\/fr\/wp-json\/wp\/v2\/pages\/2607\/revisions"}],"predecessor-version":[{"id":3593,"href":"https:\/\/herrerapuche.com\/fr\/wp-json\/wp\/v2\/pages\/2607\/revisions\/3593"}],"up":[{"embeddable":true,"href":"https:\/\/herrerapuche.com\/fr\/wp-json\/wp\/v2\/pages\/42"}],"wp:attachment":[{"href":"https:\/\/herrerapuche.com\/fr\/wp-json\/wp\/v2\/media?parent=2607"}],"curies":[{"name":"wp","href":"https:\/\/api.w.org\/{rel}","templated":true}]}}