{"id":3498,"date":"2025-06-29T15:05:02","date_gmt":"2025-06-29T13:05:02","guid":{"rendered":"https:\/\/herrerapuche.com\/?page_id=3498"},"modified":"2025-07-12T00:07:47","modified_gmt":"2025-07-11T22:07:47","slug":"hormonal-problems","status":"publish","type":"page","link":"https:\/\/herrerapuche.com\/en\/servicios-nutricionales\/hormonal-problems\/","title":{"rendered":"Hormonal problems"},"content":{"rendered":"<div data-elementor-type=\"wp-page\" data-elementor-id=\"3498\" class=\"elementor elementor-3498\">\n\t\t\t\t<div class=\"elementor-element elementor-element-70e24e7 e-flex e-con-boxed wpr-particle-no wpr-jarallax-no wpr-parallax-no wpr-sticky-section-no e-con e-parent\" data-id=\"70e24e7\" data-element_type=\"container\">\n\t\t\t\t\t<div class=\"e-con-inner\">\n\t\t\t\t<div class=\"elementor-element elementor-element-e141fe3 elementor-widget elementor-widget-spacer\" data-id=\"e141fe3\" data-element_type=\"widget\" data-widget_type=\"spacer.default\">\n\t\t\t\t<div class=\"elementor-widget-container\">\n\t\t\t\t\t\t\t<div class=\"elementor-spacer\">\n\t\t\t<div class=\"elementor-spacer-inner\"><\/div>\n\t\t<\/div>\n\t\t\t\t\t\t<\/div>\n\t\t\t\t<\/div>\n\t\t\t\t\t<\/div>\n\t\t\t\t<\/div>\n\t\t<div class=\"elementor-element elementor-element-2523d48 e-flex e-con-boxed wpr-particle-no wpr-jarallax-no wpr-parallax-no wpr-sticky-section-no e-con e-parent\" data-id=\"2523d48\" data-element_type=\"container\">\n\t\t\t\t\t<div class=\"e-con-inner\">\n\t\t<div class=\"elementor-element elementor-element-240bca0 e-con-full e-flex wpr-particle-no wpr-jarallax-no wpr-parallax-no wpr-sticky-section-no e-con e-child\" data-id=\"240bca0\" data-element_type=\"container\" data-settings=\"{&quot;background_background&quot;:&quot;classic&quot;}\">\n\t\t\t\t<\/div>\n\t\t<div class=\"elementor-element elementor-element-d2e2d65 e-con-full e-flex wpr-particle-no wpr-jarallax-no wpr-parallax-no wpr-sticky-section-no e-con e-child\" data-id=\"d2e2d65\" data-element_type=\"container\">\n\t\t\t\t<div class=\"elementor-element elementor-element-64cb980 elementor-widget elementor-widget-text-editor\" data-id=\"64cb980\" data-element_type=\"widget\" data-widget_type=\"text-editor.default\">\n\t\t\t\t<div class=\"elementor-widget-container\">\n\t\t\t\t\t\t\t\t\t<p data-start=\"353\" data-end=\"420\"><strong data-start=\"353\" data-end=\"420\">Polycystic Ovary Syndrome (PCOS), Endometriosis, Fibroids, Irregular Cycles, and\/or Menstrual Pain<\/strong><\/p>\n<p data-start=\"422\" data-end=\"746\">If you experience pelvic pain, heavy or irregular periods, bloating, fatigue, mood swings, or difficulty losing weight, there may be an underlying hormonal imbalance such as PCOS, endometriosis, or uterine fibroids.<\/p>\n<p data-start=\"422\" data-end=\"746\">Although you\u2019re often told that \u201cit\u2019s normal\u201d or that your only option is birth control, the truth is nutrition can help reduce symptoms and restore balance from the root. What you eat, how you digest it, and the health of your gut microbiome directly affect your hormonal system.<\/p>\n<p data-start=\"1175\" data-end=\"1530\">A tailored diet and a healthy microbiome can help you:<br data-start=\"1246\" data-end=\"1249\">- Reduce pain and chronic inflammation<br data-start=\"1293\" data-end=\"1296\">Improve insulin sensitivity and metabolism (key factor in PCOS)<br data-start=\"1353\" data-end=\"1356\">\u2013 Regulate your menstrual cycle and ovulation<br data-start=\"1400\" data-end=\"1403\">\u2013 Manage heavy bleeding or digestive and extra-digestive symptoms (such as hair loss, hormonal acne, etc.)<br data-start=\"1463\" data-end=\"1466\">\u2013 Feel more energetic, with clearer thinking and a better mood<\/p>\n<p data-start=\"1532\" data-end=\"1655\">It\u2019s not about strict diets, but about <strong data-start=\"1579\" data-end=\"1640\">learning to nourish your body with what it truly needs<\/strong> at this stage. As a <strong data-start=\"1695\" data-end=\"1766\">dietitian-nutritionist specializing in hormonal health and the microbiota<\/strong>, I create a personalized eating plan for you and provide emotional support throughout the process, which is often lonely and misunderstood.<\/p>\n<p data-start=\"422\" data-end=\"746\">\n<\/p>\t\t\t\t\t\t\t\t<\/div>\n\t\t\t\t<\/div>\n\t\t\t\t<\/div>\n\t\t\t\t\t<\/div>\n\t\t\t\t<\/div>\n\t\t<div class=\"elementor-element elementor-element-cd49d20 e-grid e-con-boxed wpr-particle-no wpr-jarallax-no wpr-parallax-no wpr-sticky-section-no e-con e-parent\" data-id=\"cd49d20\" data-element_type=\"container\">\n\t\t\t\t\t<div class=\"e-con-inner\">\n\t\t\t\t<div class=\"elementor-element elementor-element-8181d9c elementor-align-center elementor-widget elementor-widget-button\" data-id=\"8181d9c\" data-element_type=\"widget\" data-widget_type=\"button.default\">\n\t\t\t\t<div class=\"elementor-widget-container\">\n\t\t\t\t\t\t\t\t\t<div class=\"elementor-button-wrapper\">\n\t\t\t\t\t<a class=\"elementor-button elementor-button-link elementor-size-sm\" href=\"https:\/\/herrerapuche.com\/en\/como-trabajo\/\">\n\t\t\t\t\t\t<span class=\"elementor-button-content-wrapper\">\n\t\t\t\t\t\t\t\t\t<span class=\"elementor-button-text\">HOW DO I WORK?<\/span>\n\t\t\t\t\t<\/span>\n\t\t\t\t\t<\/a>\n\t\t\t\t<\/div>\n\t\t\t\t\t\t\t\t<\/div>\n\t\t\t\t<\/div>\n\t\t\t\t<div class=\"elementor-element elementor-element-ff0639f elementor-align-center elementor-widget elementor-widget-button\" data-id=\"ff0639f\" data-element_type=\"widget\" data-widget_type=\"button.default\">\n\t\t\t\t<div class=\"elementor-widget-container\">\n\t\t\t\t\t\t\t\t\t<div class=\"elementor-button-wrapper\">\n\t\t\t\t\t<a class=\"elementor-button elementor-button-link elementor-size-sm\" href=\"https:\/\/herrerapuche.com\/en\/rates\/\">\n\t\t\t\t\t\t<span class=\"elementor-button-content-wrapper\">\n\t\t\t\t\t\t\t\t\t<span class=\"elementor-button-text\">FEES<\/span>\n\t\t\t\t\t<\/span>\n\t\t\t\t\t<\/a>\n\t\t\t\t<\/div>\n\t\t\t\t\t\t\t\t<\/div>\n\t\t\t\t<\/div>\n\t\t\t\t<div class=\"elementor-element elementor-element-d4a9da7 elementor-align-center elementor-widget elementor-widget-button\" data-id=\"d4a9da7\" data-element_type=\"widget\" data-widget_type=\"button.default\">\n\t\t\t\t<div class=\"elementor-widget-container\">\n\t\t\t\t\t\t\t\t\t<div class=\"elementor-button-wrapper\">\n\t\t\t\t\t<a class=\"elementor-button elementor-button-link elementor-size-sm\" href=\"\/en\/contact\/#form\">\n\t\t\t\t\t\t<span class=\"elementor-button-content-wrapper\">\n\t\t\t\t\t\t\t\t\t<span class=\"elementor-button-text\">MAKE AN APPOINTMENT<\/span>\n\t\t\t\t\t<\/span>\n\t\t\t\t\t<\/a>\n\t\t\t\t<\/div>\n\t\t\t\t\t\t\t\t<\/div>\n\t\t\t\t<\/div>\n\t\t\t\t\t<\/div>\n\t\t\t\t<\/div>\n\t\t\t\t<\/div>","protected":false},"excerpt":{"rendered":"<p>S\u00edndrome de Ovario Poliqu\u00edstico (SOP), Endometriosis, Miomas, Ciclos Irregulares y\/o Dolor Menstrual. Si vives con dolor p\u00e9lvico, reglas abundantes o irregulares, hinchaz\u00f3n, fatiga, cambios de humor o dificultad para perder peso, puede que detr\u00e1s haya un desequilibrio hormonal como el SOP, la endometriosis o los miomas uterinos. Aunque a menudo te dicen que \u201ces normal\u201d o que solo puedes recurrir a anticonceptivos, la verdad es que la nutrici\u00f3n puede ayudarte a reducir los s\u00edntomas y recuperar el equilibrio desde la ra\u00edz.&nbsp;Lo que comes, c\u00f3mo digieres y el estado de tu microbiota intestinal influyen directamente en tu sistema hormonal. Una alimentaci\u00f3n adaptada y una microbiota saludable pueden ayudarte a:&#8211; Reducir el dolor y la inflamaci\u00f3n cr\u00f3nica&#8211; Mejorar la sensibilidad a la insulina y el metabolismo&#8211; Regular el ciclo menstrual y la ovulaci\u00f3n&#8211; Controlar el sangrado abundante o los s\u00edntomas digestivos&#8211; Sentirte con m\u00e1s energ\u00eda, menos niebla mental y mejor \u00e1nimo No se trata de hacer dietas estrictas, sino de aprender a nutrir tu cuerpo con lo que realmente necesita en esta etapa. Como dietista-nutricionista especializada en salud hormonal y microbiota, dise\u00f1o una alimentaci\u00f3n adaptada a ti y te acompa\u00f1o emocionalmente durante el proceso que muchas veces solitario e incomprendido \u00bfCOMO TRABAJO? TARIFAS PIDE TU CITA<\/p>","protected":false},"author":2,"featured_media":0,"parent":42,"menu_order":0,"comment_status":"closed","ping_status":"closed","template":"","meta":{"footnotes":""},"class_list":["post-3498","page","type-page","status-publish","hentry"],"yoast_head":"<!-- This site is optimized with the Yoast SEO plugin v26.8 - https:\/\/yoast.com\/product\/yoast-seo-wordpress\/ -->\n<title>Problemas hormonales - Luc\u00eda Herrera Puche<\/title>\n<meta name=\"description\" content=\"\u00bfSufres de problemas de piel, dolores articulares, migra\u00f1as, fatiga, intolerancias alimentarias, problemas intestinales u hormonales? D\u00e9jame decirte que la alimentaci\u00f3n antiinflamatoria puede terminar con estos s\u00edntomas.\" \/>\n<meta name=\"robots\" content=\"index, follow, max-snippet:-1, max-image-preview:large, max-video-preview:-1\" \/>\n<link rel=\"canonical\" href=\"https:\/\/herrerapuche.com\/en\/servicios-nutricionales\/hormonal-problems\/\" \/>\n<meta property=\"og:locale\" content=\"en_GB\" \/>\n<meta property=\"og:type\" content=\"article\" \/>\n<meta property=\"og:title\" content=\"Problemas hormonales - Luc\u00eda Herrera Puche\" \/>\n<meta property=\"og:description\" content=\"\u00bfSufres de problemas de piel, dolores articulares, migra\u00f1as, fatiga, intolerancias alimentarias, problemas intestinales u hormonales? D\u00e9jame decirte que la alimentaci\u00f3n antiinflamatoria puede terminar con estos s\u00edntomas.\" \/>\n<meta property=\"og:url\" content=\"https:\/\/herrerapuche.com\/en\/servicios-nutricionales\/hormonal-problems\/\" \/>\n<meta property=\"og:site_name\" content=\"Luc\u00eda Herrera Puche\" \/>\n<meta property=\"article:modified_time\" content=\"2025-07-11T22:07:47+00:00\" \/>\n<meta name=\"twitter:card\" content=\"summary_large_image\" \/>\n<meta name=\"twitter:label1\" content=\"Estimated reading time\" \/>\n\t<meta name=\"twitter:data1\" content=\"1 minute\" \/>\n<script type=\"application\/ld+json\" class=\"yoast-schema-graph\">{\"@context\":\"https:\/\/schema.org\",\"@graph\":[{\"@type\":\"WebPage\",\"@id\":\"https:\/\/herrerapuche.com\/servicios-nutricionales\/problemas-hormonales\/\",\"url\":\"https:\/\/herrerapuche.com\/servicios-nutricionales\/problemas-hormonales\/\",\"name\":\"Problemas hormonales - Luc\u00eda Herrera Puche\",\"isPartOf\":{\"@id\":\"https:\/\/herrerapuche.com\/#website\"},\"datePublished\":\"2025-06-29T13:05:02+00:00\",\"dateModified\":\"2025-07-11T22:07:47+00:00\",\"description\":\"\u00bfSufres de problemas de piel, dolores articulares, migra\u00f1as, fatiga, intolerancias alimentarias, problemas intestinales u hormonales? D\u00e9jame decirte que la alimentaci\u00f3n antiinflamatoria puede terminar con estos s\u00edntomas.\",\"breadcrumb\":{\"@id\":\"https:\/\/herrerapuche.com\/servicios-nutricionales\/problemas-hormonales\/#breadcrumb\"},\"inLanguage\":\"en-GB\",\"potentialAction\":[{\"@type\":\"ReadAction\",\"target\":[\"https:\/\/herrerapuche.com\/servicios-nutricionales\/problemas-hormonales\/\"]}]},{\"@type\":\"BreadcrumbList\",\"@id\":\"https:\/\/herrerapuche.com\/servicios-nutricionales\/problemas-hormonales\/#breadcrumb\",\"itemListElement\":[{\"@type\":\"ListItem\",\"position\":1,\"name\":\"Portada\",\"item\":\"https:\/\/herrerapuche.com\/\"},{\"@type\":\"ListItem\",\"position\":2,\"name\":\"Servicios Nutricionales\",\"item\":\"https:\/\/herrerapuche.com\/servicios-nutricionales\/\"},{\"@type\":\"ListItem\",\"position\":3,\"name\":\"Problemas hormonales\"}]},{\"@type\":\"WebSite\",\"@id\":\"https:\/\/herrerapuche.com\/#website\",\"url\":\"https:\/\/herrerapuche.com\/\",\"name\":\"Luc\u00eda Herrera Puche\",\"description\":\"\",\"publisher\":{\"@id\":\"https:\/\/herrerapuche.com\/#\/schema\/person\/db250908f8f79867ff76967295d49aba\"},\"potentialAction\":[{\"@type\":\"SearchAction\",\"target\":{\"@type\":\"EntryPoint\",\"urlTemplate\":\"https:\/\/herrerapuche.com\/?s={search_term_string}\"},\"query-input\":{\"@type\":\"PropertyValueSpecification\",\"valueRequired\":true,\"valueName\":\"search_term_string\"}}],\"inLanguage\":\"en-GB\"},{\"@type\":[\"Person\",\"Organization\"],\"@id\":\"https:\/\/herrerapuche.com\/#\/schema\/person\/db250908f8f79867ff76967295d49aba\",\"name\":\"Luc\u00eda Herrera\",\"image\":{\"@type\":\"ImageObject\",\"inLanguage\":\"en-GB\",\"@id\":\"https:\/\/herrerapuche.com\/#\/schema\/person\/image\/\",\"url\":\"https:\/\/herrerapuche.com\/wp-content\/uploads\/2025\/06\/cropped-Logo-nuevo.png\",\"contentUrl\":\"https:\/\/herrerapuche.com\/wp-content\/uploads\/2025\/06\/cropped-Logo-nuevo.png\",\"width\":1078,\"height\":1078,\"caption\":\"Luc\u00eda Herrera\"},\"logo\":{\"@id\":\"https:\/\/herrerapuche.com\/#\/schema\/person\/image\/\"}}]}<\/script>\n<!-- \/ Yoast SEO plugin. -->","yoast_head_json":{"title":"Hormonal problems - Luc\u00eda Herrera Puche","description":"\u00bfSufres de problemas de piel, dolores articulares, migra\u00f1as, fatiga, intolerancias alimentarias, problemas intestinales u hormonales? D\u00e9jame decirte que la alimentaci\u00f3n antiinflamatoria puede terminar con estos s\u00edntomas.","robots":{"index":"index","follow":"follow","max-snippet":"max-snippet:-1","max-image-preview":"max-image-preview:large","max-video-preview":"max-video-preview:-1"},"canonical":"https:\/\/herrerapuche.com\/en\/servicios-nutricionales\/hormonal-problems\/","og_locale":"en_GB","og_type":"article","og_title":"Problemas hormonales - Luc\u00eda Herrera Puche","og_description":"\u00bfSufres de problemas de piel, dolores articulares, migra\u00f1as, fatiga, intolerancias alimentarias, problemas intestinales u hormonales? D\u00e9jame decirte que la alimentaci\u00f3n antiinflamatoria puede terminar con estos s\u00edntomas.","og_url":"https:\/\/herrerapuche.com\/en\/servicios-nutricionales\/hormonal-problems\/","og_site_name":"Luc\u00eda Herrera Puche","article_modified_time":"2025-07-11T22:07:47+00:00","twitter_card":"summary_large_image","twitter_misc":{"Estimated reading time":"1 minute"},"schema":{"@context":"https:\/\/schema.org","@graph":[{"@type":"WebPage","@id":"https:\/\/herrerapuche.com\/servicios-nutricionales\/problemas-hormonales\/","url":"https:\/\/herrerapuche.com\/servicios-nutricionales\/problemas-hormonales\/","name":"Hormonal problems - Luc\u00eda Herrera Puche","isPartOf":{"@id":"https:\/\/herrerapuche.com\/#website"},"datePublished":"2025-06-29T13:05:02+00:00","dateModified":"2025-07-11T22:07:47+00:00","description":"\u00bfSufres de problemas de piel, dolores articulares, migra\u00f1as, fatiga, intolerancias alimentarias, problemas intestinales u hormonales? D\u00e9jame decirte que la alimentaci\u00f3n antiinflamatoria puede terminar con estos s\u00edntomas.","breadcrumb":{"@id":"https:\/\/herrerapuche.com\/servicios-nutricionales\/problemas-hormonales\/#breadcrumb"},"inLanguage":"en-GB","potentialAction":[{"@type":"ReadAction","target":["https:\/\/herrerapuche.com\/servicios-nutricionales\/problemas-hormonales\/"]}]},{"@type":"BreadcrumbList","@id":"https:\/\/herrerapuche.com\/servicios-nutricionales\/problemas-hormonales\/#breadcrumb","itemListElement":[{"@type":"ListItem","position":1,"name":"Portada","item":"https:\/\/herrerapuche.com\/"},{"@type":"ListItem","position":2,"name":"Servicios Nutricionales","item":"https:\/\/herrerapuche.com\/servicios-nutricionales\/"},{"@type":"ListItem","position":3,"name":"Problemas hormonales"}]},{"@type":"WebSite","@id":"https:\/\/herrerapuche.com\/#website","url":"https:\/\/herrerapuche.com\/","name":"Lucia Herrera Puche","description":"","publisher":{"@id":"https:\/\/herrerapuche.com\/#\/schema\/person\/db250908f8f79867ff76967295d49aba"},"potentialAction":[{"@type":"SearchAction","target":{"@type":"EntryPoint","urlTemplate":"https:\/\/herrerapuche.com\/?s={search_term_string}"},"query-input":{"@type":"PropertyValueSpecification","valueRequired":true,"valueName":"search_term_string"}}],"inLanguage":"en-GB"},{"@type":["Person","Organization"],"@id":"https:\/\/herrerapuche.com\/#\/schema\/person\/db250908f8f79867ff76967295d49aba","name":"Luc\u00eda Herrera","image":{"@type":"ImageObject","inLanguage":"en-GB","@id":"https:\/\/herrerapuche.com\/#\/schema\/person\/image\/","url":"https:\/\/herrerapuche.com\/wp-content\/uploads\/2025\/06\/cropped-Logo-nuevo.png","contentUrl":"https:\/\/herrerapuche.com\/wp-content\/uploads\/2025\/06\/cropped-Logo-nuevo.png","width":1078,"height":1078,"caption":"Luc\u00eda Herrera"},"logo":{"@id":"https:\/\/herrerapuche.com\/#\/schema\/person\/image\/"}}]}},"_links":{"self":[{"href":"https:\/\/herrerapuche.com\/en\/wp-json\/wp\/v2\/pages\/3498","targetHints":{"allow":["GET"]}}],"collection":[{"href":"https:\/\/herrerapuche.com\/en\/wp-json\/wp\/v2\/pages"}],"about":[{"href":"https:\/\/herrerapuche.com\/en\/wp-json\/wp\/v2\/types\/page"}],"author":[{"embeddable":true,"href":"https:\/\/herrerapuche.com\/en\/wp-json\/wp\/v2\/users\/2"}],"replies":[{"embeddable":true,"href":"https:\/\/herrerapuche.com\/en\/wp-json\/wp\/v2\/comments?post=3498"}],"version-history":[{"count":10,"href":"https:\/\/herrerapuche.com\/en\/wp-json\/wp\/v2\/pages\/3498\/revisions"}],"predecessor-version":[{"id":3540,"href":"https:\/\/herrerapuche.com\/en\/wp-json\/wp\/v2\/pages\/3498\/revisions\/3540"}],"up":[{"embeddable":true,"href":"https:\/\/herrerapuche.com\/en\/wp-json\/wp\/v2\/pages\/42"}],"wp:attachment":[{"href":"https:\/\/herrerapuche.com\/en\/wp-json\/wp\/v2\/media?parent=3498"}],"curies":[{"name":"wp","href":"https:\/\/api.w.org\/{rel}","templated":true}]}}