{"id":2641,"date":"2024-10-15T11:35:35","date_gmt":"2024-10-15T09:35:35","guid":{"rendered":"https:\/\/herrerapuche.com\/?page_id=2641"},"modified":"2025-08-04T18:57:05","modified_gmt":"2025-08-04T16:57:05","slug":"nutrition-during-pregnancy-and-breastfeeding","status":"publish","type":"page","link":"https:\/\/herrerapuche.com\/en\/servicios-nutricionales\/nutrition-during-pregnancy-and-breastfeeding\/","title":{"rendered":"Nutrition in pregnancy"},"content":{"rendered":"<div data-elementor-type=\"wp-page\" data-elementor-id=\"2641\" class=\"elementor elementor-2641\">\n\t\t\t\t<div class=\"elementor-element elementor-element-70e24e7 e-flex e-con-boxed wpr-particle-no wpr-jarallax-no wpr-parallax-no wpr-sticky-section-no e-con e-parent\" data-id=\"70e24e7\" data-element_type=\"container\">\n\t\t\t\t\t<div class=\"e-con-inner\">\n\t\t\t\t<div class=\"elementor-element elementor-element-e141fe3 elementor-widget elementor-widget-spacer\" data-id=\"e141fe3\" data-element_type=\"widget\" data-widget_type=\"spacer.default\">\n\t\t\t\t<div class=\"elementor-widget-container\">\n\t\t\t\t\t\t\t<div class=\"elementor-spacer\">\n\t\t\t<div class=\"elementor-spacer-inner\"><\/div>\n\t\t<\/div>\n\t\t\t\t\t\t<\/div>\n\t\t\t\t<\/div>\n\t\t\t\t\t<\/div>\n\t\t\t\t<\/div>\n\t\t<div class=\"elementor-element elementor-element-2523d48 e-flex e-con-boxed wpr-particle-no wpr-jarallax-no wpr-parallax-no wpr-sticky-section-no e-con e-parent\" data-id=\"2523d48\" data-element_type=\"container\">\n\t\t\t\t\t<div class=\"e-con-inner\">\n\t\t<div class=\"elementor-element elementor-element-240bca0 e-con-full e-flex wpr-particle-no wpr-jarallax-no wpr-parallax-no wpr-sticky-section-no e-con e-child\" data-id=\"240bca0\" data-element_type=\"container\" data-settings=\"{&quot;background_background&quot;:&quot;classic&quot;}\">\n\t\t\t\t<\/div>\n\t\t<div class=\"elementor-element elementor-element-d2e2d65 e-con-full e-flex wpr-particle-no wpr-jarallax-no wpr-parallax-no wpr-sticky-section-no e-con e-child\" data-id=\"d2e2d65\" data-element_type=\"container\">\n\t\t\t\t<div class=\"elementor-element elementor-element-64cb980 elementor-widget elementor-widget-text-editor\" data-id=\"64cb980\" data-element_type=\"widget\" data-widget_type=\"text-editor.default\">\n\t\t\t\t<div class=\"elementor-widget-container\">\n\t\t\t\t\t\t\t\t\t<p>Nutrition during pregnancy and breastfeeding is key to the wellbeing of both mother and baby. During these stages, a woman's body goes through important changes that affect our nutrition and it is important to provide essential nutrients for the baby's development and growth. It can also prevent complications during pregnancy and childbirth, and prevent premature birth.<\/p>\n<p>\u00a0<\/p>\n<p>I offer you a personalised nutrition plan that covers all your needs during pregnancy and breastfeeding. My approach will provide you with the essential nutrients you need for you and your baby, ensuring a balanced diet that will keep you strong and healthy during this important time. In addition, I will help you manage your eating habits to feel good, avoid deficiencies and enjoy this time without worry.<\/p>\n<p><br \/>In addition, we will also discuss which foods are beneficial and which you should avoid, I will answer questions about food and pregnancy\/breastfeeding, I will show you how to read nutritional labelling correctly to choose the best options and how to handle and prepare food safely. I will accompany you throughout your pregnancy, addressing how to avoid complications at both stages.<\/p>\t\t\t\t\t\t\t\t<\/div>\n\t\t\t\t<\/div>\n\t\t\t\t<\/div>\n\t\t\t\t\t<\/div>\n\t\t\t\t<\/div>\n\t\t<div class=\"elementor-element elementor-element-67d4ae1 e-grid e-con-boxed wpr-particle-no wpr-jarallax-no wpr-parallax-no wpr-sticky-section-no e-con e-parent\" data-id=\"67d4ae1\" data-element_type=\"container\">\n\t\t\t\t\t<div class=\"e-con-inner\">\n\t\t\t\t<div class=\"elementor-element elementor-element-8181d9c elementor-align-center elementor-widget elementor-widget-button\" data-id=\"8181d9c\" data-element_type=\"widget\" data-widget_type=\"button.default\">\n\t\t\t\t<div class=\"elementor-widget-container\">\n\t\t\t\t\t\t\t\t\t<div class=\"elementor-button-wrapper\">\n\t\t\t\t\t<a class=\"elementor-button elementor-button-link elementor-size-sm\" href=\"https:\/\/herrerapuche.com\/en\/como-trabajo\/\">\n\t\t\t\t\t\t<span class=\"elementor-button-content-wrapper\">\n\t\t\t\t\t\t\t\t\t<span class=\"elementor-button-text\">HOW DO I WORK?<\/span>\n\t\t\t\t\t<\/span>\n\t\t\t\t\t<\/a>\n\t\t\t\t<\/div>\n\t\t\t\t\t\t\t\t<\/div>\n\t\t\t\t<\/div>\n\t\t\t\t<div class=\"elementor-element elementor-element-9c5f3a4 elementor-align-center elementor-widget elementor-widget-button\" data-id=\"9c5f3a4\" data-element_type=\"widget\" data-widget_type=\"button.default\">\n\t\t\t\t<div class=\"elementor-widget-container\">\n\t\t\t\t\t\t\t\t\t<div class=\"elementor-button-wrapper\">\n\t\t\t\t\t<a class=\"elementor-button elementor-button-link elementor-size-sm\" href=\"https:\/\/herrerapuche.com\/en\/rates\/\">\n\t\t\t\t\t\t<span class=\"elementor-button-content-wrapper\">\n\t\t\t\t\t\t\t\t\t<span class=\"elementor-button-text\">FEES<\/span>\n\t\t\t\t\t<\/span>\n\t\t\t\t\t<\/a>\n\t\t\t\t<\/div>\n\t\t\t\t\t\t\t\t<\/div>\n\t\t\t\t<\/div>\n\t\t\t\t<div class=\"elementor-element elementor-element-d4a9da7 elementor-widget elementor-widget-button\" data-id=\"d4a9da7\" data-element_type=\"widget\" data-widget_type=\"button.default\">\n\t\t\t\t<div class=\"elementor-widget-container\">\n\t\t\t\t\t\t\t\t\t<div class=\"elementor-button-wrapper\">\n\t\t\t\t\t<a class=\"elementor-button elementor-button-link elementor-size-sm\" href=\"\/en\/contact\/#form\">\n\t\t\t\t\t\t<span class=\"elementor-button-content-wrapper\">\n\t\t\t\t\t\t\t\t\t<span class=\"elementor-button-text\">MAKE AN APPOINTMENT<\/span>\n\t\t\t\t\t<\/span>\n\t\t\t\t\t<\/a>\n\t\t\t\t<\/div>\n\t\t\t\t\t\t\t\t<\/div>\n\t\t\t\t<\/div>\n\t\t\t\t\t<\/div>\n\t\t\t\t<\/div>\n\t\t\t\t<\/div>","protected":false},"excerpt":{"rendered":"<p>La alimentaci\u00f3n durante el embarazo y la lactancia es clave para el bienestar tanto de la madre como del beb\u00e9. Durante estas etapas, el cuerpo de la mujer atraviesa cambios importantes que afectan a nuestra alimentaci\u00f3n y es importante proporcionar los nutrientes esenciales para el desarrollo y crecimiento del beb\u00e9. Asimismo, tambi\u00e9n se pueden prevenir complicaciones durante el embarazo y el parto, y prevenir el nacimiento prematuro. \u00a0 Te ofrezco un plan de nutrici\u00f3n personalizado que cubre todas tus necesidades durante el embarazo y la lactancia. Mi enfoque te proporcionar\u00e1 los nutrientes esenciales que necesitas para ti y tu beb\u00e9, asegurando una alimentaci\u00f3n equilibrada que te mantenga fuerte y saludable durante esta etapa tan importante. Adem\u00e1s, te ayudar\u00e9 a gestionar tus h\u00e1bitos alimentarios para sentirte bien, evitar deficiencias y disfrutar de este momento sin preocupaciones. Adem\u00e1s, tambi\u00e9n trabajaremos en consulta qu\u00e9 alimentos son beneficiosos y cu\u00e1les deber\u00e1s evitar, te resolver\u00e9 dudas sobre alimentaci\u00f3n y embarazo\/lactancia, te mostrar\u00e9 c\u00f3mo leer correctamente un etiquetado nutricional para elegir las mejores opciones y c\u00f3mo manipular y preparar los alimentos de forma segura. Te acompa\u00f1ar\u00e9 durante todo el embarazo abordando el c\u00f3mo evitar complicaciones en ambas etapas. \u00bfC\u00d3MO TRABAJO? TARIFAS PIDE TU CITA<\/p>","protected":false},"author":1,"featured_media":0,"parent":42,"menu_order":0,"comment_status":"closed","ping_status":"closed","template":"","meta":{"footnotes":""},"class_list":["post-2641","page","type-page","status-publish","hentry"],"yoast_head":"<!-- This site is optimized with the Yoast SEO plugin v26.8 - https:\/\/yoast.com\/product\/yoast-seo-wordpress\/ -->\n<title>Nutrici\u00f3n en el embarazo - Luc\u00eda Herrera Puche<\/title>\n<meta name=\"description\" content=\"La alimentaci\u00f3n durante el embarazo y la lactancia es clave para el bienestar tanto de la madre como del beb\u00e9. Te guiar\u00e9 en todo momento.\" \/>\n<meta name=\"robots\" content=\"index, follow, max-snippet:-1, max-image-preview:large, max-video-preview:-1\" \/>\n<link rel=\"canonical\" href=\"https:\/\/herrerapuche.com\/en\/servicios-nutricionales\/nutrition-during-pregnancy-and-breastfeeding\/\" \/>\n<meta property=\"og:locale\" content=\"en_GB\" \/>\n<meta property=\"og:type\" content=\"article\" \/>\n<meta property=\"og:title\" content=\"Nutrici\u00f3n en el embarazo - Luc\u00eda Herrera Puche\" \/>\n<meta property=\"og:description\" content=\"La alimentaci\u00f3n durante el embarazo y la lactancia es clave para el bienestar tanto de la madre como del beb\u00e9. Te guiar\u00e9 en todo momento.\" \/>\n<meta property=\"og:url\" content=\"https:\/\/herrerapuche.com\/en\/servicios-nutricionales\/nutrition-during-pregnancy-and-breastfeeding\/\" \/>\n<meta property=\"og:site_name\" content=\"Luc\u00eda Herrera Puche\" \/>\n<meta property=\"article:modified_time\" content=\"2025-08-04T16:57:05+00:00\" \/>\n<meta name=\"twitter:card\" content=\"summary_large_image\" \/>\n<meta name=\"twitter:label1\" content=\"Estimated reading time\" \/>\n\t<meta name=\"twitter:data1\" content=\"1 minute\" \/>\n<script type=\"application\/ld+json\" class=\"yoast-schema-graph\">{\"@context\":\"https:\/\/schema.org\",\"@graph\":[{\"@type\":\"WebPage\",\"@id\":\"https:\/\/herrerapuche.com\/servicios-nutricionales\/alimentacion-embarazo-y-lactancia\/\",\"url\":\"https:\/\/herrerapuche.com\/servicios-nutricionales\/alimentacion-embarazo-y-lactancia\/\",\"name\":\"Nutrici\u00f3n en el embarazo - Luc\u00eda Herrera Puche\",\"isPartOf\":{\"@id\":\"https:\/\/herrerapuche.com\/#website\"},\"datePublished\":\"2024-10-15T09:35:35+00:00\",\"dateModified\":\"2025-08-04T16:57:05+00:00\",\"description\":\"La alimentaci\u00f3n durante el embarazo y la lactancia es clave para el bienestar tanto de la madre como del beb\u00e9. Te guiar\u00e9 en todo momento.\",\"breadcrumb\":{\"@id\":\"https:\/\/herrerapuche.com\/servicios-nutricionales\/alimentacion-embarazo-y-lactancia\/#breadcrumb\"},\"inLanguage\":\"en-GB\",\"potentialAction\":[{\"@type\":\"ReadAction\",\"target\":[\"https:\/\/herrerapuche.com\/servicios-nutricionales\/alimentacion-embarazo-y-lactancia\/\"]}]},{\"@type\":\"BreadcrumbList\",\"@id\":\"https:\/\/herrerapuche.com\/servicios-nutricionales\/alimentacion-embarazo-y-lactancia\/#breadcrumb\",\"itemListElement\":[{\"@type\":\"ListItem\",\"position\":1,\"name\":\"Portada\",\"item\":\"https:\/\/herrerapuche.com\/\"},{\"@type\":\"ListItem\",\"position\":2,\"name\":\"Servicios Nutricionales\",\"item\":\"https:\/\/herrerapuche.com\/servicios-nutricionales\/\"},{\"@type\":\"ListItem\",\"position\":3,\"name\":\"Nutrici\u00f3n en el embarazo\"}]},{\"@type\":\"WebSite\",\"@id\":\"https:\/\/herrerapuche.com\/#website\",\"url\":\"https:\/\/herrerapuche.com\/\",\"name\":\"Luc\u00eda Herrera Puche\",\"description\":\"\",\"publisher\":{\"@id\":\"https:\/\/herrerapuche.com\/#\/schema\/person\/db250908f8f79867ff76967295d49aba\"},\"potentialAction\":[{\"@type\":\"SearchAction\",\"target\":{\"@type\":\"EntryPoint\",\"urlTemplate\":\"https:\/\/herrerapuche.com\/?s={search_term_string}\"},\"query-input\":{\"@type\":\"PropertyValueSpecification\",\"valueRequired\":true,\"valueName\":\"search_term_string\"}}],\"inLanguage\":\"en-GB\"},{\"@type\":[\"Person\",\"Organization\"],\"@id\":\"https:\/\/herrerapuche.com\/#\/schema\/person\/db250908f8f79867ff76967295d49aba\",\"name\":\"Luc\u00eda Herrera\",\"image\":{\"@type\":\"ImageObject\",\"inLanguage\":\"en-GB\",\"@id\":\"https:\/\/herrerapuche.com\/#\/schema\/person\/image\/\",\"url\":\"https:\/\/herrerapuche.com\/wp-content\/uploads\/2025\/06\/cropped-Logo-nuevo.png\",\"contentUrl\":\"https:\/\/herrerapuche.com\/wp-content\/uploads\/2025\/06\/cropped-Logo-nuevo.png\",\"width\":1078,\"height\":1078,\"caption\":\"Luc\u00eda Herrera\"},\"logo\":{\"@id\":\"https:\/\/herrerapuche.com\/#\/schema\/person\/image\/\"}}]}<\/script>\n<!-- \/ Yoast SEO plugin. -->","yoast_head_json":{"title":"Nutrition in pregnancy - Luc\u00eda Herrera Puche","description":"Nutrition during pregnancy and breastfeeding is key to the wellbeing of both mother and baby. I will guide you all the way.","robots":{"index":"index","follow":"follow","max-snippet":"max-snippet:-1","max-image-preview":"max-image-preview:large","max-video-preview":"max-video-preview:-1"},"canonical":"https:\/\/herrerapuche.com\/en\/servicios-nutricionales\/nutrition-during-pregnancy-and-breastfeeding\/","og_locale":"en_GB","og_type":"article","og_title":"Nutrici\u00f3n en el embarazo - Luc\u00eda Herrera Puche","og_description":"La alimentaci\u00f3n durante el embarazo y la lactancia es clave para el bienestar tanto de la madre como del beb\u00e9. Te guiar\u00e9 en todo momento.","og_url":"https:\/\/herrerapuche.com\/en\/servicios-nutricionales\/nutrition-during-pregnancy-and-breastfeeding\/","og_site_name":"Luc\u00eda Herrera Puche","article_modified_time":"2025-08-04T16:57:05+00:00","twitter_card":"summary_large_image","twitter_misc":{"Estimated reading time":"1 minute"},"schema":{"@context":"https:\/\/schema.org","@graph":[{"@type":"WebPage","@id":"https:\/\/herrerapuche.com\/servicios-nutricionales\/alimentacion-embarazo-y-lactancia\/","url":"https:\/\/herrerapuche.com\/servicios-nutricionales\/alimentacion-embarazo-y-lactancia\/","name":"Nutrition in pregnancy - Luc\u00eda Herrera Puche","isPartOf":{"@id":"https:\/\/herrerapuche.com\/#website"},"datePublished":"2024-10-15T09:35:35+00:00","dateModified":"2025-08-04T16:57:05+00:00","description":"Nutrition during pregnancy and breastfeeding is key to the wellbeing of both mother and baby. I will guide you all the way.","breadcrumb":{"@id":"https:\/\/herrerapuche.com\/servicios-nutricionales\/alimentacion-embarazo-y-lactancia\/#breadcrumb"},"inLanguage":"en-GB","potentialAction":[{"@type":"ReadAction","target":["https:\/\/herrerapuche.com\/servicios-nutricionales\/alimentacion-embarazo-y-lactancia\/"]}]},{"@type":"BreadcrumbList","@id":"https:\/\/herrerapuche.com\/servicios-nutricionales\/alimentacion-embarazo-y-lactancia\/#breadcrumb","itemListElement":[{"@type":"ListItem","position":1,"name":"Portada","item":"https:\/\/herrerapuche.com\/"},{"@type":"ListItem","position":2,"name":"Servicios Nutricionales","item":"https:\/\/herrerapuche.com\/servicios-nutricionales\/"},{"@type":"ListItem","position":3,"name":"Nutrici\u00f3n en el embarazo"}]},{"@type":"WebSite","@id":"https:\/\/herrerapuche.com\/#website","url":"https:\/\/herrerapuche.com\/","name":"Lucia Herrera Puche","description":"","publisher":{"@id":"https:\/\/herrerapuche.com\/#\/schema\/person\/db250908f8f79867ff76967295d49aba"},"potentialAction":[{"@type":"SearchAction","target":{"@type":"EntryPoint","urlTemplate":"https:\/\/herrerapuche.com\/?s={search_term_string}"},"query-input":{"@type":"PropertyValueSpecification","valueRequired":true,"valueName":"search_term_string"}}],"inLanguage":"en-GB"},{"@type":["Person","Organization"],"@id":"https:\/\/herrerapuche.com\/#\/schema\/person\/db250908f8f79867ff76967295d49aba","name":"Luc\u00eda Herrera","image":{"@type":"ImageObject","inLanguage":"en-GB","@id":"https:\/\/herrerapuche.com\/#\/schema\/person\/image\/","url":"https:\/\/herrerapuche.com\/wp-content\/uploads\/2025\/06\/cropped-Logo-nuevo.png","contentUrl":"https:\/\/herrerapuche.com\/wp-content\/uploads\/2025\/06\/cropped-Logo-nuevo.png","width":1078,"height":1078,"caption":"Luc\u00eda Herrera"},"logo":{"@id":"https:\/\/herrerapuche.com\/#\/schema\/person\/image\/"}}]}},"_links":{"self":[{"href":"https:\/\/herrerapuche.com\/en\/wp-json\/wp\/v2\/pages\/2641","targetHints":{"allow":["GET"]}}],"collection":[{"href":"https:\/\/herrerapuche.com\/en\/wp-json\/wp\/v2\/pages"}],"about":[{"href":"https:\/\/herrerapuche.com\/en\/wp-json\/wp\/v2\/types\/page"}],"author":[{"embeddable":true,"href":"https:\/\/herrerapuche.com\/en\/wp-json\/wp\/v2\/users\/1"}],"replies":[{"embeddable":true,"href":"https:\/\/herrerapuche.com\/en\/wp-json\/wp\/v2\/comments?post=2641"}],"version-history":[{"count":27,"href":"https:\/\/herrerapuche.com\/en\/wp-json\/wp\/v2\/pages\/2641\/revisions"}],"predecessor-version":[{"id":3549,"href":"https:\/\/herrerapuche.com\/en\/wp-json\/wp\/v2\/pages\/2641\/revisions\/3549"}],"up":[{"embeddable":true,"href":"https:\/\/herrerapuche.com\/en\/wp-json\/wp\/v2\/pages\/42"}],"wp:attachment":[{"href":"https:\/\/herrerapuche.com\/en\/wp-json\/wp\/v2\/media?parent=2641"}],"curies":[{"name":"wp","href":"https:\/\/api.w.org\/{rel}","templated":true}]}}